{"id":2994,"date":"2021-05-17T14:10:57","date_gmt":"2021-05-17T12:10:57","guid":{"rendered":"https:\/\/guitarcz.com\/?page_id=2994"},"modified":"2026-03-01T23:13:06","modified_gmt":"2026-03-01T22:13:06","slug":"competition-application-2021","status":"publish","type":"page","link":"https:\/\/guitarcz.com\/en\/competition-application-2021\/","title":{"rendered":"Competition application 2026"},"content":{"rendered":"\t\t<div data-elementor-type=\"wp-page\" data-elementor-id=\"2994\" class=\"elementor elementor-2994\" data-elementor-post-type=\"page\">\n\t\t\t\t\t\t<section class=\"elementor-section elementor-top-section elementor-element elementor-element-3edadb9 elementor-section-boxed elementor-section-height-default elementor-section-height-default\" data-id=\"3edadb9\" data-element_type=\"section\" data-e-type=\"section\">\n\t\t\t\t\t\t<div class=\"elementor-container elementor-column-gap-default\">\n\t\t\t\t\t<div class=\"elementor-column elementor-col-100 elementor-top-column elementor-element elementor-element-23ffa86\" data-id=\"23ffa86\" data-element_type=\"column\" data-e-type=\"column\">\n\t\t\t<div class=\"elementor-widget-wrap elementor-element-populated\">\n\t\t\t\t\t\t<div class=\"elementor-element elementor-element-1c76411 elementor-widget elementor-widget-wp-widget-ninja_forms_widget\" data-id=\"1c76411\" data-element_type=\"widget\" data-e-type=\"widget\" data-settings=\"{&quot;ekit_we_effect_on&quot;:&quot;none&quot;}\" data-widget_type=\"wp-widget-ninja_forms_widget.default\">\n\t\t\t\t<div class=\"elementor-widget-container\">\n\t\t\t\t\t<noscript class=\"ninja-forms-noscript-message\">\n\tNotice: JavaScript is required for this content.<\/noscript>\n<div id=\"nf-form-5-cont\" class=\"nf-form-cont\" aria-live=\"polite\" aria-labelledby=\"nf-form-title-5\" aria-describedby=\"nf-form-errors-5\" role=\"form\">\n\n    <div class=\"nf-loading-spinner\"><\/div>\n\n<\/div>\n        <!-- That data is being printed as a workaround to page builders reordering the order of the scripts loaded-->\n        <script>var formDisplay=1;var nfForms=nfForms||[];var form=[];form.id='5';form.settings={\"objectType\":\"Form Setting\",\"editActive\":true,\"title\":\"Application for 22th international guitar competition GUITARTALENT\\u00b426\",\"created_at\":\"2019-05-13 16:21:04\",\"default_label_pos\":\"above\",\"show_title\":\"1\",\"clear_complete\":\"1\",\"hide_complete\":\"1\",\"logged_in\":\"\",\"wrapper_class\":\"\",\"element_class\":\"\",\"key\":\"\",\"add_submit\":\"1\",\"changeEmailErrorMsg\":\"Please enter a valid email address!\",\"changeDateErrorMsg\":\"Please enter a valid date!\",\"confirmFieldErrorMsg\":\"These fields must match!\",\"fieldNumberNumMinError\":\"Number Min Error\",\"fieldNumberNumMaxError\":\"Number Max Error\",\"fieldNumberIncrementBy\":\"Please increment by \",\"formErrorsCorrectErrors\":\"Please correct errors before submitting this form.\",\"validateRequiredField\":\"This is a required field.\",\"honeypotHoneypotError\":\"Honeypot Error\",\"fieldsMarkedRequired\":\"Fields marked with an <span class=\\\"ninja-forms-req-symbol\\\">*<\\\/span> are required\",\"currency\":\"\",\"unique_field_error\":\"A form with this value has already been submitted.\",\"not_logged_in_msg\":\"\",\"sub_limit_msg\":\"The form has reached its submission limit.\",\"calculations\":[],\"formContentData\":[\"name_1557757277445\",\"surname_1557757280083\",\"date_of_birth_variable_symbol_1743532168912\",\"adress_1557757286931\",\"citizienship_-_nationality_1743532186585\",\"phone_number_1557757292196\",\"email_1555246316046\",\"category_1557757298105\",\"note_1557757330358\",\"i_acknowledge_and_agree_to_the_processing_of_personal_data_provided_in_the_application_form_for_the_purposes_of_the_guitartalent_guitar_competition_your_personal_data_will_not_be_disclosed_to_third_natural_or_legal_persons_you_have_the_right_to_request_the_deletion_of_your_data_at_any_time_which_will_then_be_deleted_1743525005851\",\"apply_1557757344693\"],\"drawerDisabled\":false,\"allow_public_link\":0,\"embed_form\":\"\",\"repeatable_fieldsets\":\"\",\"form_title_heading_level\":\"3\",\"objectDomain\":\"display\",\"ninjaForms\":\"Ninja Forms\",\"fieldTextareaRTEInsertLink\":\"Insert Link\",\"fieldTextareaRTEInsertMedia\":\"Insert Media\",\"fieldTextareaRTESelectAFile\":\"Select a file\",\"formHoneypot\":\"If you are a human seeing this field, please leave it empty.\",\"fileUploadOldCodeFileUploadInProgress\":\"File Upload in Progress.\",\"fileUploadOldCodeFileUpload\":\"FILE UPLOAD\",\"currencySymbol\":false,\"thousands_sep\":\",\",\"decimal_point\":\".\",\"siteLocale\":\"en_GB\",\"dateFormat\":\"m\\\/d\\\/Y\",\"startOfWeek\":\"1\",\"of\":\"of\",\"previousMonth\":\"Previous Month\",\"nextMonth\":\"Next Month\",\"months\":[\"January\",\"February\",\"March\",\"April\",\"May\",\"June\",\"July\",\"August\",\"September\",\"October\",\"November\",\"December\"],\"monthsShort\":[\"Jan\",\"Feb\",\"Mar\",\"Apr\",\"May\",\"Jun\",\"Jul\",\"Aug\",\"Sep\",\"Oct\",\"Nov\",\"Dec\"],\"weekdays\":[\"Sunday\",\"Monday\",\"Tuesday\",\"Wednesday\",\"Thursday\",\"Friday\",\"Saturday\"],\"weekdaysShort\":[\"Sun\",\"Mon\",\"Tue\",\"Wed\",\"Thu\",\"Fri\",\"Sat\"],\"weekdaysMin\":[\"Su\",\"Mo\",\"Tu\",\"We\",\"Th\",\"Fr\",\"Sa\"],\"recaptchaConsentMissing\":\"reCaptcha validation couldn&#039;t load.\",\"recaptchaMissingCookie\":\"reCaptcha v3 validation couldn&#039;t load the cookie needed to submit the form.\",\"recaptchaConsentEvent\":\"Accept reCaptcha cookies before sending the form.\",\"currency_symbol\":\"\",\"beforeForm\":\"\",\"beforeFields\":\"\",\"afterFields\":\"\",\"afterForm\":\"\"};form.fields=[{\"objectType\":\"Field\",\"objectDomain\":\"fields\",\"editActive\":false,\"order\":1,\"idAttribute\":\"id\",\"type\":\"firstname\",\"label\":\"Name\",\"key\":\"name_1557757277445\",\"label_pos\":\"above\",\"required\":1,\"default\":\"\",\"placeholder\":\"\",\"container_class\":\"\",\"element_class\":\"\",\"admin_label\":\"\",\"help_text\":\"\",\"custom_name_attribute\":\"fname\",\"personally_identifiable\":1,\"field_label\":\"Jm\\u00e9no\",\"field_key\":\"jmeno_1551459646803\",\"value\":\"\",\"id\":45,\"beforeField\":\"\",\"afterField\":\"\",\"parentType\":\"firstname\",\"element_templates\":[\"firstname\",\"input\"],\"old_classname\":\"\",\"wrap_template\":\"wrap\"},{\"objectType\":\"Field\",\"objectDomain\":\"fields\",\"editActive\":false,\"order\":2,\"idAttribute\":\"id\",\"type\":\"lastname\",\"label\":\"Surname\",\"key\":\"surname_1557757280083\",\"label_pos\":\"above\",\"required\":1,\"default\":\"\",\"placeholder\":\"\",\"container_class\":\"\",\"element_class\":\"\",\"admin_label\":\"\",\"help_text\":\"\",\"custom_name_attribute\":\"lname\",\"personally_identifiable\":1,\"drawerDisabled\":\"\",\"field_label\":\"P\\u0159\\u00edjmen\\u00ed\",\"field_key\":\"prijmeni_1551459656017\",\"value\":\"\",\"id\":46,\"beforeField\":\"\",\"afterField\":\"\",\"parentType\":\"lastname\",\"element_templates\":[\"lastname\",\"input\"],\"old_classname\":\"\",\"wrap_template\":\"wrap\"},{\"objectType\":\"Field\",\"objectDomain\":\"fields\",\"editActive\":false,\"order\":3,\"idAttribute\":\"id\",\"type\":\"textbox\",\"label\":\"Date of birth (variable symbol)\",\"key\":\"date_of_birth_variable_symbol_1743532168912\",\"label_pos\":\"above\",\"required\":1,\"default\":\"\",\"placeholder\":\"\",\"container_class\":\"\",\"element_class\":\"\",\"input_limit\":\"\",\"input_limit_type\":\"characters\",\"input_limit_msg\":\"Character(s) left\",\"manual_key\":\"\",\"admin_label\":\"\",\"help_text\":\"<p><br><\\\/p>\",\"mask\":\"\",\"custom_mask\":\"\",\"custom_name_attribute\":\"\",\"personally_identifiable\":\"\",\"drawerDisabled\":false,\"field_label\":\"Datum narozen\\u00ed\",\"field_key\":\"datum_narozeni_1551459688491\",\"value\":\"\",\"desc_text\":\"<p>In <b>DDMMYYYY<\\\/b> format<\\\/p><p>Example: 02.11.2025 - 02112025<\\\/p>\",\"id\":47,\"beforeField\":\"\",\"afterField\":\"\",\"parentType\":\"textbox\",\"element_templates\":[\"textbox\",\"input\"],\"old_classname\":\"\",\"wrap_template\":\"wrap\"},{\"objectType\":\"Field\",\"objectDomain\":\"fields\",\"editActive\":false,\"order\":4,\"idAttribute\":\"id\",\"type\":\"address\",\"label\":\"Adress\",\"key\":\"adress_1557757286931\",\"label_pos\":\"above\",\"required\":1,\"default\":\"\",\"placeholder\":\"\",\"container_class\":\"\",\"element_class\":\"\",\"input_limit\":\"\",\"input_limit_type\":\"characters\",\"input_limit_msg\":\"Character(s) left\",\"manual_key\":\"\",\"admin_label\":\"\",\"help_text\":\"\",\"mask\":\"\",\"custom_mask\":\"\",\"custom_name_attribute\":\"address\",\"personally_identifiable\":1,\"drawerDisabled\":\"\",\"field_label\":\"Adresa\",\"field_key\":\"adresa_1551459727754\",\"value\":\"\",\"id\":48,\"beforeField\":\"\",\"afterField\":\"\",\"parentType\":\"address\",\"element_templates\":[\"address\",\"textbox\",\"input\"],\"old_classname\":\"\",\"wrap_template\":\"wrap\"},{\"objectType\":\"Field\",\"objectDomain\":\"fields\",\"editActive\":false,\"order\":5,\"idAttribute\":\"id\",\"type\":\"textbox\",\"label\":\"Citizienship - nationality\",\"key\":\"citizienship_-_nationality_1743532186585\",\"label_pos\":\"above\",\"required\":1,\"default\":\"\",\"placeholder\":\"\",\"container_class\":\"\",\"element_class\":\"\",\"input_limit\":\"\",\"input_limit_type\":\"characters\",\"input_limit_msg\":\"Zb\\u00fdv\\u00e1 znak\\u016f\",\"manual_key\":false,\"admin_label\":\"\",\"help_text\":\"\",\"mask\":\"\",\"custom_mask\":\"\",\"custom_name_attribute\":\"\",\"personally_identifiable\":\"\",\"value\":\"\",\"drawerDisabled\":false,\"id\":73,\"beforeField\":\"\",\"afterField\":\"\",\"parentType\":\"textbox\",\"element_templates\":[\"textbox\",\"input\"],\"old_classname\":\"\",\"wrap_template\":\"wrap\"},{\"objectType\":\"Field\",\"objectDomain\":\"fields\",\"editActive\":false,\"order\":6,\"idAttribute\":\"id\",\"type\":\"phone\",\"label\":\"Phone number\",\"key\":\"phone_number_1557757292196\",\"label_pos\":\"above\",\"required\":1,\"default\":\"\",\"placeholder\":\"\",\"container_class\":\"\",\"element_class\":\"\",\"input_limit\":\"\",\"input_limit_type\":\"characters\",\"input_limit_msg\":\"Character(s) left\",\"manual_key\":\"\",\"admin_label\":\"\",\"help_text\":\"\",\"mask\":\"\",\"custom_mask\":\"\",\"custom_name_attribute\":\"phone\",\"personally_identifiable\":1,\"drawerDisabled\":\"\",\"field_label\":\"Telefonn\\u00ed \\u010d\\u00edslo\",\"field_key\":\"telefonni_cislo_1551459751745\",\"value\":\"\",\"id\":49,\"beforeField\":\"\",\"afterField\":\"\",\"parentType\":\"textbox\",\"element_templates\":[\"tel\",\"textbox\",\"input\"],\"old_classname\":\"\",\"wrap_template\":\"wrap\"},{\"objectType\":\"Field\",\"objectDomain\":\"fields\",\"editActive\":false,\"order\":7,\"idAttribute\":\"id\",\"label\":\"Email\",\"type\":\"email\",\"key\":\"email_1555246316046\",\"label_pos\":\"above\",\"required\":1,\"default\":\"\",\"placeholder\":\"\",\"container_class\":\"\",\"element_class\":\"\",\"admin_label\":\"\",\"help_text\":\"\",\"custom_name_attribute\":\"email\",\"personally_identifiable\":1,\"drawerDisabled\":false,\"field_label\":\"Email\",\"field_key\":\"email_1555246316046\",\"value\":\"\",\"id\":53,\"beforeField\":\"\",\"afterField\":\"\",\"parentType\":\"email\",\"element_templates\":[\"email\",\"input\"],\"old_classname\":\"\",\"wrap_template\":\"wrap\"},{\"objectType\":\"Field\",\"objectDomain\":\"fields\",\"editActive\":false,\"order\":8,\"idAttribute\":\"id\",\"desc_text\":\"<br>\",\"label\":\"Category\",\"type\":\"listradio\",\"key\":\"category_1557757298105\",\"label_pos\":\"above\",\"required\":1,\"options\":[{\"errors\":[],\"max_options\":0,\"label\":\"1<sup>st<\\\/sup> category - Guitartalent Junior (for competitors born in 2007 and after) C. fee: 35 \\u20ac (Eur)\",\"value\":\"I. category - Guitartalent Junior for competitors born in 2007 and after C. fee 35  Eur\",\"calc\":0,\"selected\":0,\"order\":0,\"settingModel\":{\"settings\":false,\"hide_merge_tags\":false,\"error\":false,\"name\":\"options\",\"type\":\"option-repeater\",\"label\":\"Nastaven\\u00ed <a href=\\\"#\\\" class=\\\"nf-add-new\\\">Vytvo\\u0159it formul\\u00e1\\u0159<\\\/a> <a href=\\\"#\\\" class=\\\"extra nf-open-import-tooltip\\\"><i class=\\\"fa fa-sign-in\\\" aria-hidden=\\\"true\\\"><\\\/i> Importovat<\\\/a>\",\"width\":\"full\",\"group\":\"\",\"value\":[{\"label\":\"Jeden\",\"value\":\"Jeden\",\"calc\":\"\",\"selected\":0,\"order\":0},{\"label\":\"Dva\",\"value\":\"Dva\",\"calc\":\"\",\"selected\":0,\"order\":1},{\"label\":\"T\\u0159i\",\"value\":\"T\\u0159i\",\"calc\":\"\",\"selected\":0,\"order\":2}],\"columns\":{\"label\":{\"header\":\"Popisek\",\"default\":\"\"},\"value\":{\"header\":\"Hodnota\",\"default\":\"\"},\"calc\":{\"header\":\"Hodnota v\\u00fdpo\\u010dtu\",\"default\":\"\"},\"selected\":{\"header\":\"<span class=\\\"dashicons dashicons-yes\\\"><\\\/span>\",\"default\":0}}},\"manual_value\":true},{\"errors\":[],\"max_options\":0,\"label\":\"2<sup>nd<\\\/sup> category- GC No Age Limit   (without age limit) C. fee: 55 \\u20ac (Eur)\",\"value\":\"II. category - GC No Age Limit   without age limit C. fee 55  Eur\",\"calc\":\"\",\"selected\":0,\"order\":1,\"settingModel\":{\"settings\":false,\"hide_merge_tags\":false,\"error\":false,\"name\":\"options\",\"type\":\"option-repeater\",\"label\":\"Nastaven\\u00ed <a href=\\\"#\\\" class=\\\"nf-add-new\\\">Vytvo\\u0159it formul\\u00e1\\u0159<\\\/a> <a href=\\\"#\\\" class=\\\"extra nf-open-import-tooltip\\\"><i class=\\\"fa fa-sign-in\\\" aria-hidden=\\\"true\\\"><\\\/i> Importovat<\\\/a>\",\"width\":\"full\",\"group\":\"\",\"value\":[{\"label\":\"Jeden\",\"value\":\"Jeden\",\"calc\":\"\",\"selected\":0,\"order\":0},{\"label\":\"Dva\",\"value\":\"Dva\",\"calc\":\"\",\"selected\":0,\"order\":1},{\"label\":\"T\\u0159i\",\"value\":\"T\\u0159i\",\"calc\":\"\",\"selected\":0,\"order\":2}],\"columns\":{\"label\":{\"header\":\"Popisek\",\"default\":\"\"},\"value\":{\"header\":\"Hodnota\",\"default\":\"\"},\"calc\":{\"header\":\"Hodnota v\\u00fdpo\\u010dtu\",\"default\":\"\"},\"selected\":{\"header\":\"<span class=\\\"dashicons dashicons-yes\\\"><\\\/span>\",\"default\":0}}},\"manual_value\":true}],\"container_class\":\"\",\"element_class\":\"\",\"admin_label\":\"\",\"help_text\":\"<p><br><\\\/p>\",\"drawerDisabled\":false,\"field_label\":\"Kategorie\",\"field_key\":\"kategorie_1555246492474\",\"id\":54,\"beforeField\":\"\",\"afterField\":\"\",\"value\":\"\",\"parentType\":\"list\",\"element_templates\":[\"listradio\",\"input\"],\"old_classname\":\"list-radio\",\"wrap_template\":\"wrap\"},{\"objectType\":\"Field\",\"objectDomain\":\"fields\",\"editActive\":false,\"order\":9,\"idAttribute\":\"id\",\"type\":\"textarea\",\"label\":\"Note\",\"key\":\"note_1557757330358\",\"label_pos\":\"above\",\"required\":\"\",\"default\":\"\",\"placeholder\":\"\",\"container_class\":\"\",\"element_class\":\"\",\"input_limit\":\"\",\"input_limit_type\":\"characters\",\"input_limit_msg\":\"Character(s) left\",\"manual_key\":\"\",\"admin_label\":\"\",\"help_text\":\"<p><br><\\\/p><p class=\\\"MsoNormal\\\"><em>Please include <\\\/em><strong><em>your\\ncompetition repertoire <\\\/em><\\\/strong><em>(names of the composer and piece and its duration)\\nand additional information or questiones. For competitors of the category <\\\/em><strong>\\u201eNo age limit\\u201c<\\\/strong>\\n<strong><em>&nbsp;<\\\/em><\\\/strong><em>it is necessary to state a repertoire of <\\\/em><strong><em>both of rounds<\\\/em><\\\/strong><em>.<\\\/em><\\\/p><p>\\n\\n<\\\/p>\",\"textarea_rte\":\"\",\"disable_rte_mobile\":\"\",\"textarea_media\":\"\",\"drawerDisabled\":false,\"field_label\":\"Pozn\\u00e1mka\",\"field_key\":\"poznamka_1551459957148\",\"value\":\"\",\"desc_text\":\"<p class=\\\"MsoNormal\\\">\\n\\n\\n\\n<em>Please include <\\\/em><strong><em>your\\ncompetition repertoire <\\\/em><\\\/strong><em>(names of the composer and piece and its duration)\\nand additional information or questiones. For competitors of the category <\\\/em><strong>\\u201eNo age limit\\u201c<\\\/strong>\\n<strong><em>&nbsp;<\\\/em><\\\/strong><em>it is necessary to state a repertoire of <\\\/em><strong><em>both of rounds<\\\/em><\\\/strong><em>.<\\\/em><\\\/p><p class=\\\"MsoNormal\\\"><em><br><\\\/em><\\\/p>\",\"id\":51,\"beforeField\":\"\",\"afterField\":\"\",\"parentType\":\"textarea\",\"element_templates\":[\"textarea\",\"input\"],\"old_classname\":\"\",\"wrap_template\":\"wrap\"},{\"objectType\":\"Field\",\"objectDomain\":\"fields\",\"editActive\":false,\"order\":10,\"idAttribute\":\"id\",\"label_pos\":\"right\",\"required\":1,\"container_class\":\"\",\"element_class\":\"\",\"manual_key\":\"\",\"admin_label\":\"\",\"help_text\":\"\",\"default_value\":\"unchecked\",\"checked_value\":\"Checked\",\"unchecked_value\":\"Unchecked\",\"drawerDisabled\":false,\"desc_text\":\"<br>\",\"key\":\"i_acknowledge_and_agree_to_the_processing_of_personal_data_provided_in_the_application_form_for_the_purposes_of_the_guitartalent_guitar_competition_your_personal_data_will_not_be_disclosed_to_third_natural_or_legal_persons_you_have_the_right_to_request_the_deletion_of_your_data_at_any_time_which_will_then_be_deleted_1743525005851\",\"type\":\"checkbox\",\"label\":\"I acknowledge and agree to the processing of personal data provided in the application form for the purposes of the Guitartalent guitar competition. Your personal data will not be disclosed to third natural or legal persons. You have the right to request the deletion of your data at any time, which will then be deleted.\",\"field_label\":\"Beru na v\\u011bdom\\u00ed a souhlas\\u00edm se zpracov\\u00e1v\\u00e1n\\u00edm osobn\\u00edch \\u00fadaj\\u016f (vypln\\u011bn\\u00fdch v p\\u0159ihl\\u00e1\\u0161ce na festival) pro pot\\u0159eby kytarov\\u00e9ho festivalu (kytarov\\u00e1 spole\\u010dnost a.s). Va\\u0161e osobn\\u00ed \\u00fadaje nejsou poskytov\\u00e1ny \\u017e\\u00e1dn\\u00fdm reklamn\\u00edm agentur\\u00e1m, jsou pouze pou\\u017eity pro pot\\u0159eby organizace festivalu. Tyto informace nesd\\u00edl\\u00edme s dal\\u0161\\u00edmi spole\\u010dnostmi. Informace uchov\\u00e1v\\u00e1me trvale. Jako subjekt \\u00fadaj\\u016f m\\u00e1te pr\\u00e1vo kdykoliv po\\u017e\\u00e1dat o smaz\\u00e1n\\u00ed \\u00fadaj\\u016f. \\u00dadaje budou obratem smaz\\u00e1ny z na\\u0161eho serveru.:\",\"field_key\":\"beru_na_vedomi_a_souhlasim_se_zpracovavanim_osobnich_udaju_vyplnenych_v_prihlasce_na_festival_pro_potreby_kytaroveho_festivalu_kytarova_spolecnost_a_s_vase_osobni_udaje_nejsou_poskytovany_zadnym_reklamnim_agenturam_jsou_pouze_pouzity_pro_potreby_organizace_festivalu_tyto_informace_nesdilime_s_dalsimi_spolecnostmi_informace_uchovavame_trvale_jako_subjekt_udaju_mate_pravo_kdykoliv_pozadat_o_smazani_udaju_udaje_budou_obratem_smazany_z_naseho_serveru_1551461441088\",\"checked_calc_value\":\"\",\"unchecked_calc_value\":\"\",\"id\":50,\"beforeField\":\"\",\"afterField\":\"\",\"value\":\"\",\"parentType\":\"checkbox\",\"element_templates\":[\"checkbox\",\"input\"],\"old_classname\":\"\",\"wrap_template\":\"wrap\"},{\"objectType\":\"Field\",\"objectDomain\":\"fields\",\"editActive\":false,\"order\":11,\"idAttribute\":\"id\",\"type\":\"submit\",\"label\":\"Apply\",\"processing_label\":\"Application in process\",\"container_class\":\"\",\"element_class\":\"\",\"key\":\"apply_1557757344693\",\"drawerDisabled\":false,\"field_label\":\"Odeslat p\\u0159ihl\\u00e1\\u0161ku\",\"field_key\":\"odeslat_prihlasku_1551460505422\",\"admin_label\":\"\",\"id\":52,\"beforeField\":\"\",\"afterField\":\"\",\"value\":\"\",\"label_pos\":\"above\",\"parentType\":\"textbox\",\"element_templates\":[\"submit\",\"button\",\"input\"],\"old_classname\":\"\",\"wrap_template\":\"wrap-no-label\"}];nfForms.push(form);<\/script>\n        \t\t\t\t<\/div>\n\t\t\t\t<\/div>\n\t\t\t\t\t<\/div>\n\t\t<\/div>\n\t\t\t\t\t<\/div>\n\t\t<\/section>\n\t\t\t\t<\/div>\n\t\t","protected":false},"excerpt":{"rendered":"","protected":false},"author":1,"featured_media":0,"parent":0,"menu_order":0,"comment_status":"closed","ping_status":"closed","template":"elementor_header_footer","meta":{"ngg_post_thumbnail":0,"footnotes":"","_links_to":"","_links_to_target":""},"class_list":["post-2994","page","type-page","status-publish","hentry"],"yoast_head":"<!-- This site is optimized with the Yoast SEO plugin v27.0 - https:\/\/yoast.com\/product\/yoast-seo-wordpress\/ -->\n<title>Competition application 2026 - Kytarov\u00fd Festival<\/title>\n<meta name=\"robots\" content=\"index, follow, max-snippet:-1, max-image-preview:large, max-video-preview:-1\" \/>\n<link rel=\"canonical\" href=\"https:\/\/guitarcz.com\/en\/competition-application-2021\/\" \/>\n<meta property=\"og:locale\" content=\"en_GB\" \/>\n<meta property=\"og:type\" content=\"article\" \/>\n<meta property=\"og:title\" content=\"Competition application 2026 - Kytarov\u00fd Festival\" \/>\n<meta property=\"og:url\" content=\"https:\/\/guitarcz.com\/en\/competition-application-2021\/\" \/>\n<meta property=\"og:site_name\" content=\"Kytarov\u00fd Festival\" \/>\n<meta property=\"article:modified_time\" content=\"2026-03-01T22:13:06+00:00\" \/>\n<meta name=\"twitter:card\" content=\"summary_large_image\" \/>\n<script type=\"application\/ld+json\" class=\"yoast-schema-graph\">{\"@context\":\"https:\/\/schema.org\",\"@graph\":[{\"@type\":\"WebPage\",\"@id\":\"https:\/\/guitarcz.com\/competition-application-2021\/\",\"url\":\"https:\/\/guitarcz.com\/competition-application-2021\/\",\"name\":\"Competition application 2026 - Kytarov\u00fd Festival\",\"isPartOf\":{\"@id\":\"https:\/\/guitarcz.com\/#website\"},\"datePublished\":\"2021-05-17T12:10:57+00:00\",\"dateModified\":\"2026-03-01T22:13:06+00:00\",\"breadcrumb\":{\"@id\":\"https:\/\/guitarcz.com\/competition-application-2021\/#breadcrumb\"},\"inLanguage\":\"en-GB\",\"potentialAction\":[{\"@type\":\"ReadAction\",\"target\":[\"https:\/\/guitarcz.com\/competition-application-2021\/\"]}]},{\"@type\":\"BreadcrumbList\",\"@id\":\"https:\/\/guitarcz.com\/competition-application-2021\/#breadcrumb\",\"itemListElement\":[{\"@type\":\"ListItem\",\"position\":1,\"name\":\"Dom\u016f\",\"item\":\"https:\/\/guitarcz.com\/\"},{\"@type\":\"ListItem\",\"position\":2,\"name\":\"Competition application 2026\"}]},{\"@type\":\"WebSite\",\"@id\":\"https:\/\/guitarcz.com\/#website\",\"url\":\"https:\/\/guitarcz.com\/\",\"name\":\"Kytarov\u00fd Festival\",\"description\":\"Mezin\u00e1rodn\u00ed Kytarov\u00fd Festival A Kurzy\",\"potentialAction\":[{\"@type\":\"SearchAction\",\"target\":{\"@type\":\"EntryPoint\",\"urlTemplate\":\"https:\/\/guitarcz.com\/?s={search_term_string}\"},\"query-input\":{\"@type\":\"PropertyValueSpecification\",\"valueRequired\":true,\"valueName\":\"search_term_string\"}}],\"inLanguage\":\"en-GB\"}]}<\/script>\n<!-- \/ Yoast SEO plugin. -->","yoast_head_json":{"title":"Competition application 2026 - Kytarov\u00fd Festival","robots":{"index":"index","follow":"follow","max-snippet":"max-snippet:-1","max-image-preview":"max-image-preview:large","max-video-preview":"max-video-preview:-1"},"canonical":"https:\/\/guitarcz.com\/en\/competition-application-2021\/","og_locale":"en_GB","og_type":"article","og_title":"Competition application 2026 - Kytarov\u00fd Festival","og_url":"https:\/\/guitarcz.com\/en\/competition-application-2021\/","og_site_name":"Kytarov\u00fd Festival","article_modified_time":"2026-03-01T22:13:06+00:00","twitter_card":"summary_large_image","schema":{"@context":"https:\/\/schema.org","@graph":[{"@type":"WebPage","@id":"https:\/\/guitarcz.com\/competition-application-2021\/","url":"https:\/\/guitarcz.com\/competition-application-2021\/","name":"Competition application 2026 - Kytarov\u00fd Festival","isPartOf":{"@id":"https:\/\/guitarcz.com\/#website"},"datePublished":"2021-05-17T12:10:57+00:00","dateModified":"2026-03-01T22:13:06+00:00","breadcrumb":{"@id":"https:\/\/guitarcz.com\/competition-application-2021\/#breadcrumb"},"inLanguage":"en-GB","potentialAction":[{"@type":"ReadAction","target":["https:\/\/guitarcz.com\/competition-application-2021\/"]}]},{"@type":"BreadcrumbList","@id":"https:\/\/guitarcz.com\/competition-application-2021\/#breadcrumb","itemListElement":[{"@type":"ListItem","position":1,"name":"Dom\u016f","item":"https:\/\/guitarcz.com\/"},{"@type":"ListItem","position":2,"name":"Competition application 2026"}]},{"@type":"WebSite","@id":"https:\/\/guitarcz.com\/#website","url":"https:\/\/guitarcz.com\/","name":"Kytarov\u00fd Festival","description":"Mezin\u00e1rodn\u00ed Kytarov\u00fd Festival A Kurzy","potentialAction":[{"@type":"SearchAction","target":{"@type":"EntryPoint","urlTemplate":"https:\/\/guitarcz.com\/?s={search_term_string}"},"query-input":{"@type":"PropertyValueSpecification","valueRequired":true,"valueName":"search_term_string"}}],"inLanguage":"en-GB"}]}},"_links":{"self":[{"href":"https:\/\/guitarcz.com\/en\/wp-json\/wp\/v2\/pages\/2994","targetHints":{"allow":["GET"]}}],"collection":[{"href":"https:\/\/guitarcz.com\/en\/wp-json\/wp\/v2\/pages"}],"about":[{"href":"https:\/\/guitarcz.com\/en\/wp-json\/wp\/v2\/types\/page"}],"author":[{"embeddable":true,"href":"https:\/\/guitarcz.com\/en\/wp-json\/wp\/v2\/users\/1"}],"replies":[{"embeddable":true,"href":"https:\/\/guitarcz.com\/en\/wp-json\/wp\/v2\/comments?post=2994"}],"version-history":[{"count":17,"href":"https:\/\/guitarcz.com\/en\/wp-json\/wp\/v2\/pages\/2994\/revisions"}],"predecessor-version":[{"id":4657,"href":"https:\/\/guitarcz.com\/en\/wp-json\/wp\/v2\/pages\/2994\/revisions\/4657"}],"wp:attachment":[{"href":"https:\/\/guitarcz.com\/en\/wp-json\/wp\/v2\/media?parent=2994"}],"curies":[{"name":"wp","href":"https:\/\/api.w.org\/{rel}","templated":true}]}}