{"id":2956,"date":"2021-05-17T12:26:09","date_gmt":"2021-05-17T10:26:09","guid":{"rendered":"https:\/\/guitarcz.com\/?page_id=2956"},"modified":"2026-03-03T14:10:27","modified_gmt":"2026-03-03T13:10:27","slug":"guitartalent","status":"publish","type":"page","link":"https:\/\/guitarcz.com\/en\/guitartalent\/","title":{"rendered":"22. mezin\u00e1rodn\u00ed kytarov\u00e1 sout\u011b\u017e GUITARTALENT\u00b426"},"content":{"rendered":"<div data-elementor-type=\"wp-page\" data-elementor-id=\"2956\" class=\"elementor elementor-2956\" data-elementor-post-type=\"page\">\n\t\t\t\t\t\t<section class=\"elementor-section elementor-top-section elementor-element elementor-element-2527c2c elementor-section-boxed elementor-section-height-default elementor-section-height-default\" data-id=\"2527c2c\" data-element_type=\"section\" data-e-type=\"section\">\n\t\t\t\t\t\t<div class=\"elementor-container elementor-column-gap-default\">\n\t\t\t\t\t<div class=\"elementor-column elementor-col-100 elementor-top-column elementor-element elementor-element-004a8d8\" data-id=\"004a8d8\" data-element_type=\"column\" data-e-type=\"column\">\n\t\t\t<div class=\"elementor-widget-wrap elementor-element-populated\">\n\t\t\t\t\t\t<div class=\"elementor-element elementor-element-767e860 elementor-widget elementor-widget-exhibz-title\" data-id=\"767e860\" data-element_type=\"widget\" data-e-type=\"widget\" data-settings=\"{&quot;ekit_we_effect_on&quot;:&quot;none&quot;}\" data-widget_type=\"exhibz-title.default\">\n\t\t\t\t<div class=\"elementor-widget-container\">\n\t\t\t\t\t\n    <div class=\"title-section-area\">\n        <h2 class=\"section-title\">\n            <span class=\"sub-title\">22. mezin\u00e1rodn\u00ed kytarov\u00e1 sout\u011b\u017e GUITARTALENT\u00b426<\/span>\n\t\t\t        <\/h2>\n\t\t                            <span class=\"title-border\">&nbsp;<\/span>\n            <\/div><!-- Section title -->\n    \n    \n\n    \t\t\t\t<\/div>\n\t\t\t\t<\/div>\n\t\t\t\t\t<\/div>\n\t\t<\/div>\n\t\t\t\t\t<\/div>\n\t\t<\/section>\n\t\t<div class=\"elementor-element elementor-element-8002836 e-con-full e-flex e-con e-parent\" data-id=\"8002836\" data-element_type=\"container\" data-e-type=\"container\">\n\t\t<div class=\"elementor-element elementor-element-a5db0d9 e-con-full e-flex e-con e-child\" data-id=\"a5db0d9\" data-element_type=\"container\" data-e-type=\"container\">\n\t\t<div class=\"elementor-element elementor-element-19b47fc e-con-full e-flex e-con e-child\" data-id=\"19b47fc\" data-element_type=\"container\" data-e-type=\"container\">\n\t\t\t\t<div class=\"elementor-element elementor-element-daba8b8 elementor-widget elementor-widget-embedpress_pdf\" data-id=\"daba8b8\" data-element_type=\"widget\" data-e-type=\"widget\" data-settings=\"{&quot;ekit_we_effect_on&quot;:&quot;none&quot;}\" data-widget_type=\"embedpress_pdf.default\">\n\t\t\t\t<div class=\"elementor-widget-container\">\n\t\t\t\t\t    <div class=\"embedpress-document-embed ep-doc-5a66f83eff88e8f059f227728393e0a7 ose-document emebedpress-unit-percent\" data-thememode=\"default\" data-customcolor=\"\" data-toolbar=\"yes\" data-toolbar-position=\"top\" data-open=\"no\" data-presentation-mode=\"yes\" data-download=\"yes\" data-copy=\"yes\" data-add-image=\"yes\" data-rotate=\"yes\" data-details=\"yes\" data-id=\"embedpress-pdf-daba8b8\" data-selection-tool=\"0\" data-scrolling=\"0\" data-spreads=\"-1\" style=\" max-width:100%; display: inline-block\">\n\n        \n                <div >\n\n                    <div id=\"ep-elementor-content-daba8b8\" class=\"ep-elementor-content   ep-percentage-width   ep-content-protection-disabled\">\n                        <div id=\"daba8b8\" class=\"ep-embed-content-wraper\">\n                            <div><iframe title=\"Podm\u00ednky sout\u011b\u017ee GUITARTALENT 26, \u010desky\" class=\"embedpress-embed-document-pdf embedpress-pdf-daba8b8\" style=\"width: 1200%!important;height: 900px;; max-width:100%; display: inline-block\" src=\"https:\/\/guitarcz.com\/wp-admin\/admin-ajax.php?action=get_viewer&#038;file=https%3A%2F%2Fguitarcz.com%2Fwp-content%2Fuploads%2F2026%2F03%2FPodminky-souteze-GUITARTALENT-26-cesky.pdf&#038;scrolling=0&#038;selection_tool=0&#038;spreads=-1#key=dGhlbWVNb2RlPWRlZmF1bHQmdG9vbGJhcj10cnVlJnBvc2l0aW9uPXRvcCZwcmVzZW50YXRpb249dHJ1ZSZsYXp5TG9hZD1mYWxzZSZkb3dubG9hZD15ZXMmY29weV90ZXh0PXllcyZhZGRfdGV4dD10cnVlJmRyYXc9eWVzJmFkZF9pbWFnZT10cnVlJnBkZl9yb3RhdGlvbj10cnVlJnBkZl9kZXRhaWxzPXRydWUmem9vbV9pbj10cnVlJnpvb21fb3V0PXRydWUmZml0X3ZpZXc9dHJ1ZSZib29rbWFyaz10cnVlJnNvdW5kPXRydWUmZmxpcGJvb2tfdG9vbGJhcl9wb3NpdGlvbj1ib3R0b20mc2VsZWN0aW9uX3Rvb2w9MCZzY3JvbGxpbmc9MCZzcHJlYWRzPS0xJmlzX3Byb19hY3RpdmU9MQ==&#038;zoom=auto\" data-emid=\"embedpress-pdf-daba8b8\" data-embed-type=\"PDF\" frameborder=\"0\"><\/iframe><\/div>                        <\/div>\n\n                    <\/div>\n\n\n                   \n                <\/div>\n            \n    <\/div>\n\n\t\t\t\t<\/div>\n\t\t\t\t<\/div>\n\t\t\t\t<div class=\"elementor-element elementor-element-1e5beb7 elementor-align-center elementor-widget elementor-widget-button\" data-id=\"1e5beb7\" data-element_type=\"widget\" data-e-type=\"widget\" data-settings=\"{&quot;ekit_we_effect_on&quot;:&quot;none&quot;}\" data-widget_type=\"button.default\">\n\t\t\t\t<div class=\"elementor-widget-container\">\n\t\t\t\t\t\t\t\t\t<div class=\"elementor-button-wrapper\">\n\t\t\t\t\t<a class=\"elementor-button elementor-button-link elementor-size-sm\" href=\"https:\/\/guitarcz.com\/wp-content\/uploads\/2026\/03\/Podminky-souteze-GUITARTALENT-26-cesky.pdf\" target=\"_blank\">\n\t\t\t\t\t\t<span class=\"elementor-button-content-wrapper\">\n\t\t\t\t\t\t\t\t\t<span class=\"elementor-button-text\">St\u00e1hnout PDF - \u010de\u0161tina<\/span>\n\t\t\t\t\t<\/span>\n\t\t\t\t\t<\/a>\n\t\t\t\t<\/div>\n\t\t\t\t\t\t\t\t<\/div>\n\t\t\t\t<\/div>\n\t\t\t\t<\/div>\n\t\t<div class=\"elementor-element elementor-element-e854913 e-con-full e-flex e-con e-child\" data-id=\"e854913\" data-element_type=\"container\" data-e-type=\"container\">\n\t\t\t\t<div class=\"elementor-element elementor-element-5b9c637 elementor-widget elementor-widget-embedpress_pdf\" data-id=\"5b9c637\" data-element_type=\"widget\" data-e-type=\"widget\" data-settings=\"{&quot;ekit_we_effect_on&quot;:&quot;none&quot;}\" data-widget_type=\"embedpress_pdf.default\">\n\t\t\t\t<div class=\"elementor-widget-container\">\n\t\t\t\t\t    <div class=\"embedpress-document-embed ep-doc-11667227fd139d59e1621e485cf6ff46 ose-document emebedpress-unit-percent\" data-thememode=\"default\" data-customcolor=\"\" data-toolbar=\"yes\" data-toolbar-position=\"top\" data-open=\"no\" data-presentation-mode=\"yes\" data-download=\"yes\" data-copy=\"yes\" data-add-image=\"yes\" data-rotate=\"yes\" data-details=\"yes\" data-id=\"embedpress-pdf-5b9c637\" data-selection-tool=\"0\" data-scrolling=\"0\" data-spreads=\"-1\" style=\" max-width:100%; display: inline-block\">\n\n        \n                <div >\n\n                    <div id=\"ep-elementor-content-5b9c637\" class=\"ep-elementor-content   ep-percentage-width   ep-content-protection-disabled\">\n                        <div id=\"5b9c637\" class=\"ep-embed-content-wraper\">\n                            <div><iframe title=\"Podm\u00ednky sout\u011b\u017ee GUITARTALENT 26 ENG\" class=\"embedpress-embed-document-pdf embedpress-pdf-5b9c637\" style=\"width: 1200%!important;height: 900px;; max-width:100%; display: inline-block\" src=\"https:\/\/guitarcz.com\/wp-admin\/admin-ajax.php?action=get_viewer&#038;file=https%3A%2F%2Fguitarcz.com%2Fwp-content%2Fuploads%2F2026%2F03%2FPodminky-souteze-GUITARTALENT-26-ENG.pdf&#038;scrolling=0&#038;selection_tool=0&#038;spreads=-1#key=dGhlbWVNb2RlPWRlZmF1bHQmdG9vbGJhcj10cnVlJnBvc2l0aW9uPXRvcCZwcmVzZW50YXRpb249dHJ1ZSZsYXp5TG9hZD1mYWxzZSZkb3dubG9hZD15ZXMmY29weV90ZXh0PXllcyZhZGRfdGV4dD10cnVlJmRyYXc9eWVzJmFkZF9pbWFnZT10cnVlJnBkZl9yb3RhdGlvbj10cnVlJnBkZl9kZXRhaWxzPXRydWUmem9vbV9pbj10cnVlJnpvb21fb3V0PXRydWUmZml0X3ZpZXc9dHJ1ZSZib29rbWFyaz10cnVlJnNvdW5kPXRydWUmZmxpcGJvb2tfdG9vbGJhcl9wb3NpdGlvbj1ib3R0b20mc2VsZWN0aW9uX3Rvb2w9MCZzY3JvbGxpbmc9MCZzcHJlYWRzPS0xJmlzX3Byb19hY3RpdmU9MQ==&#038;zoom=auto\" data-emid=\"embedpress-pdf-5b9c637\" data-embed-type=\"PDF\" frameborder=\"0\"><\/iframe><\/div>                        <\/div>\n\n                    <\/div>\n\n\n                   \n                <\/div>\n            \n    <\/div>\n\n\t\t\t\t<\/div>\n\t\t\t\t<\/div>\n\t\t\t\t<div class=\"elementor-element elementor-element-7e70aef elementor-align-center elementor-widget elementor-widget-button\" data-id=\"7e70aef\" data-element_type=\"widget\" data-e-type=\"widget\" data-settings=\"{&quot;ekit_we_effect_on&quot;:&quot;none&quot;}\" data-widget_type=\"button.default\">\n\t\t\t\t<div class=\"elementor-widget-container\">\n\t\t\t\t\t\t\t\t\t<div class=\"elementor-button-wrapper\">\n\t\t\t\t\t<a class=\"elementor-button elementor-button-link elementor-size-sm\" href=\"https:\/\/guitarcz.com\/wp-content\/uploads\/2026\/03\/Podminky-souteze-GUITARTALENT-26-ENG.pdf\" target=\"_blank\">\n\t\t\t\t\t\t<span class=\"elementor-button-content-wrapper\">\n\t\t\t\t\t\t\t\t\t<span class=\"elementor-button-text\">Download PDF - english<\/span>\n\t\t\t\t\t<\/span>\n\t\t\t\t\t<\/a>\n\t\t\t\t<\/div>\n\t\t\t\t\t\t\t\t<\/div>\n\t\t\t\t<\/div>\n\t\t\t\t<\/div>\n\t\t\t\t<\/div>\n\t\t\t\t<\/div>\n\t\t<div class=\"elementor-element elementor-element-8b72137 e-con-full elementor-hidden-desktop elementor-hidden-tablet elementor-hidden-mobile e-flex e-con e-parent\" data-id=\"8b72137\" data-element_type=\"container\" data-e-type=\"container\">\n\t\t<div class=\"elementor-element elementor-element-fdf8389 e-con-full e-flex e-con e-child\" data-id=\"fdf8389\" data-element_type=\"container\" data-e-type=\"container\">\n\t\t<div class=\"elementor-element elementor-element-4a18fff e-con-full e-flex e-con e-child\" data-id=\"4a18fff\" data-element_type=\"container\" data-e-type=\"container\">\n\t\t\t\t<div class=\"elementor-element elementor-element-22f254e elementor-widget elementor-widget-exhibz-title\" data-id=\"22f254e\" data-element_type=\"widget\" data-e-type=\"widget\" data-settings=\"{&quot;ekit_we_effect_on&quot;:&quot;none&quot;}\" data-widget_type=\"exhibz-title.default\">\n\t\t\t\t<div class=\"elementor-widget-container\">\n\t\t\t\t\t\n    <div class=\"title-section-area\">\n        <h2 class=\"section-title\">\n            <span class=\"sub-title\">v\u00fdsledky sout\u011b\u017ee GUITARTALENT od jej\u00edho po\u010d\u00e1tku<\/span>\n\t\t\t        <\/h2>\n\t\t                            <span class=\"title-border\">&nbsp;<\/span>\n            <\/div><!-- Section title -->\n    \n    \n\n    \t\t\t\t<\/div>\n\t\t\t\t<\/div>\n\t\t\t\t<\/div>\n\t\t\t\t<\/div>\n\t\t\t\t<\/div>\n\t\t\t\t<\/div>","protected":false},"excerpt":{"rendered":"<p>22. mezin\u00e1rodn\u00ed kytarov\u00e1 sout\u011b\u017e GUITARTALENT\u00b426 &nbsp; St\u00e1hnout PDF &#8211; \u010de\u0161tina Download PDF &#8211; english v\u00fdsledky sout\u011b\u017ee GUITARTALENT od jej\u00edho po\u010d\u00e1tku &nbsp;<\/p>","protected":false},"author":1,"featured_media":0,"parent":0,"menu_order":0,"comment_status":"closed","ping_status":"closed","template":"elementor_header_footer","meta":{"ngg_post_thumbnail":0,"footnotes":"","_links_to":"","_links_to_target":""},"class_list":["post-2956","page","type-page","status-publish","hentry"],"yoast_head":"<!-- This site is optimized with the Yoast SEO plugin v27.0 - https:\/\/yoast.com\/product\/yoast-seo-wordpress\/ -->\n<title>22. mezin\u00e1rodn\u00ed kytarov\u00e1 sout\u011b\u017e GUITARTALENT\u00b426 - Kytarov\u00fd Festival<\/title>\n<meta name=\"robots\" content=\"index, follow, max-snippet:-1, max-image-preview:large, max-video-preview:-1\" \/>\n<link rel=\"canonical\" href=\"https:\/\/guitarcz.com\/en\/guitartalent\/\" \/>\n<meta property=\"og:locale\" content=\"en_GB\" \/>\n<meta property=\"og:type\" content=\"article\" \/>\n<meta property=\"og:title\" content=\"22. mezin\u00e1rodn\u00ed kytarov\u00e1 sout\u011b\u017e GUITARTALENT\u00b426 - Kytarov\u00fd Festival\" \/>\n<meta property=\"og:description\" content=\"22. mezin\u00e1rodn\u00ed kytarov\u00e1 sout\u011b\u017e GUITARTALENT\u00b426 &nbsp; St\u00e1hnout PDF &#8211; \u010de\u0161tina Download PDF &#8211; english v\u00fdsledky sout\u011b\u017ee GUITARTALENT od jej\u00edho po\u010d\u00e1tku &nbsp;\" \/>\n<meta property=\"og:url\" content=\"https:\/\/guitarcz.com\/en\/guitartalent\/\" \/>\n<meta property=\"og:site_name\" content=\"Kytarov\u00fd Festival\" \/>\n<meta property=\"article:modified_time\" content=\"2026-03-03T13:10:27+00:00\" \/>\n<meta name=\"twitter:card\" content=\"summary_large_image\" \/>\n<meta name=\"twitter:label1\" content=\"Estimated reading time\" \/>\n\t<meta name=\"twitter:data1\" content=\"1 minute\" \/>\n<script type=\"application\/ld+json\" class=\"yoast-schema-graph\">{\"@context\":\"https:\/\/schema.org\",\"@graph\":[{\"@type\":\"WebPage\",\"@id\":\"https:\/\/guitarcz.com\/guitartalent\/\",\"url\":\"https:\/\/guitarcz.com\/guitartalent\/\",\"name\":\"22. mezin\u00e1rodn\u00ed kytarov\u00e1 sout\u011b\u017e GUITARTALENT\u00b426 - Kytarov\u00fd Festival\",\"isPartOf\":{\"@id\":\"https:\/\/guitarcz.com\/#website\"},\"datePublished\":\"2021-05-17T10:26:09+00:00\",\"dateModified\":\"2026-03-03T13:10:27+00:00\",\"breadcrumb\":{\"@id\":\"https:\/\/guitarcz.com\/guitartalent\/#breadcrumb\"},\"inLanguage\":\"en-GB\",\"potentialAction\":[{\"@type\":\"ReadAction\",\"target\":[\"https:\/\/guitarcz.com\/guitartalent\/\"]}]},{\"@type\":\"BreadcrumbList\",\"@id\":\"https:\/\/guitarcz.com\/guitartalent\/#breadcrumb\",\"itemListElement\":[{\"@type\":\"ListItem\",\"position\":1,\"name\":\"Dom\u016f\",\"item\":\"https:\/\/guitarcz.com\/\"},{\"@type\":\"ListItem\",\"position\":2,\"name\":\"22. mezin\u00e1rodn\u00ed kytarov\u00e1 sout\u011b\u017e GUITARTALENT\u00b426\"}]},{\"@type\":\"WebSite\",\"@id\":\"https:\/\/guitarcz.com\/#website\",\"url\":\"https:\/\/guitarcz.com\/\",\"name\":\"Kytarov\u00fd Festival\",\"description\":\"Mezin\u00e1rodn\u00ed Kytarov\u00fd Festival A Kurzy\",\"potentialAction\":[{\"@type\":\"SearchAction\",\"target\":{\"@type\":\"EntryPoint\",\"urlTemplate\":\"https:\/\/guitarcz.com\/?s={search_term_string}\"},\"query-input\":{\"@type\":\"PropertyValueSpecification\",\"valueRequired\":true,\"valueName\":\"search_term_string\"}}],\"inLanguage\":\"en-GB\"}]}<\/script>\n<!-- \/ Yoast SEO plugin. -->","yoast_head_json":{"title":"22. mezin\u00e1rodn\u00ed kytarov\u00e1 sout\u011b\u017e GUITARTALENT\u00b426 - Kytarov\u00fd Festival","robots":{"index":"index","follow":"follow","max-snippet":"max-snippet:-1","max-image-preview":"max-image-preview:large","max-video-preview":"max-video-preview:-1"},"canonical":"https:\/\/guitarcz.com\/en\/guitartalent\/","og_locale":"en_GB","og_type":"article","og_title":"22. mezin\u00e1rodn\u00ed kytarov\u00e1 sout\u011b\u017e GUITARTALENT\u00b426 - Kytarov\u00fd Festival","og_description":"22. mezin\u00e1rodn\u00ed kytarov\u00e1 sout\u011b\u017e GUITARTALENT\u00b426 &nbsp; St\u00e1hnout PDF &#8211; \u010de\u0161tina Download PDF &#8211; english v\u00fdsledky sout\u011b\u017ee GUITARTALENT od jej\u00edho po\u010d\u00e1tku &nbsp;","og_url":"https:\/\/guitarcz.com\/en\/guitartalent\/","og_site_name":"Kytarov\u00fd Festival","article_modified_time":"2026-03-03T13:10:27+00:00","twitter_card":"summary_large_image","twitter_misc":{"Estimated reading time":"1 minute"},"schema":{"@context":"https:\/\/schema.org","@graph":[{"@type":"WebPage","@id":"https:\/\/guitarcz.com\/guitartalent\/","url":"https:\/\/guitarcz.com\/guitartalent\/","name":"22. mezin\u00e1rodn\u00ed kytarov\u00e1 sout\u011b\u017e GUITARTALENT\u00b426 - Kytarov\u00fd Festival","isPartOf":{"@id":"https:\/\/guitarcz.com\/#website"},"datePublished":"2021-05-17T10:26:09+00:00","dateModified":"2026-03-03T13:10:27+00:00","breadcrumb":{"@id":"https:\/\/guitarcz.com\/guitartalent\/#breadcrumb"},"inLanguage":"en-GB","potentialAction":[{"@type":"ReadAction","target":["https:\/\/guitarcz.com\/guitartalent\/"]}]},{"@type":"BreadcrumbList","@id":"https:\/\/guitarcz.com\/guitartalent\/#breadcrumb","itemListElement":[{"@type":"ListItem","position":1,"name":"Dom\u016f","item":"https:\/\/guitarcz.com\/"},{"@type":"ListItem","position":2,"name":"22. mezin\u00e1rodn\u00ed kytarov\u00e1 sout\u011b\u017e GUITARTALENT\u00b426"}]},{"@type":"WebSite","@id":"https:\/\/guitarcz.com\/#website","url":"https:\/\/guitarcz.com\/","name":"Kytarov\u00fd Festival","description":"Mezin\u00e1rodn\u00ed Kytarov\u00fd Festival A Kurzy","potentialAction":[{"@type":"SearchAction","target":{"@type":"EntryPoint","urlTemplate":"https:\/\/guitarcz.com\/?s={search_term_string}"},"query-input":{"@type":"PropertyValueSpecification","valueRequired":true,"valueName":"search_term_string"}}],"inLanguage":"en-GB"}]}},"_links":{"self":[{"href":"https:\/\/guitarcz.com\/en\/wp-json\/wp\/v2\/pages\/2956","targetHints":{"allow":["GET"]}}],"collection":[{"href":"https:\/\/guitarcz.com\/en\/wp-json\/wp\/v2\/pages"}],"about":[{"href":"https:\/\/guitarcz.com\/en\/wp-json\/wp\/v2\/types\/page"}],"author":[{"embeddable":true,"href":"https:\/\/guitarcz.com\/en\/wp-json\/wp\/v2\/users\/1"}],"replies":[{"embeddable":true,"href":"https:\/\/guitarcz.com\/en\/wp-json\/wp\/v2\/comments?post=2956"}],"version-history":[{"count":175,"href":"https:\/\/guitarcz.com\/en\/wp-json\/wp\/v2\/pages\/2956\/revisions"}],"predecessor-version":[{"id":4675,"href":"https:\/\/guitarcz.com\/en\/wp-json\/wp\/v2\/pages\/2956\/revisions\/4675"}],"wp:attachment":[{"href":"https:\/\/guitarcz.com\/en\/wp-json\/wp\/v2\/media?parent=2956"}],"curies":[{"name":"wp","href":"https:\/\/api.w.org\/{rel}","templated":true}]}}