{"id":2746,"date":"2021-05-16T13:13:18","date_gmt":"2021-05-16T11:13:18","guid":{"rendered":"https:\/\/guitarcz.com\/?page_id=2746"},"modified":"2021-05-16T17:25:29","modified_gmt":"2021-05-16T15:25:29","slug":"historie","status":"publish","type":"page","link":"https:\/\/guitarcz.com\/en\/historie\/","title":{"rendered":"History"},"content":{"rendered":"<div data-elementor-type=\"wp-page\" data-elementor-id=\"2746\" class=\"elementor elementor-2746\" data-elementor-post-type=\"page\">\n\t\t\t\t\t\t<section class=\"elementor-section elementor-top-section elementor-element elementor-element-53a9d5b elementor-section-boxed elementor-section-height-default elementor-section-height-default\" data-id=\"53a9d5b\" data-element_type=\"section\" data-e-type=\"section\">\n\t\t\t\t\t\t<div class=\"elementor-container elementor-column-gap-default\">\n\t\t\t\t\t<div class=\"elementor-column elementor-col-100 elementor-top-column elementor-element elementor-element-0ecaff2\" data-id=\"0ecaff2\" data-element_type=\"column\" data-e-type=\"column\">\n\t\t\t<div class=\"elementor-widget-wrap elementor-element-populated\">\n\t\t\t\t\t\t<div class=\"elementor-element elementor-element-e001a75 elementor-widget elementor-widget-text-editor\" data-id=\"e001a75\" data-element_type=\"widget\" data-e-type=\"widget\" data-settings=\"{&quot;ekit_we_effect_on&quot;:&quot;none&quot;}\" data-widget_type=\"text-editor.default\">\n\t\t\t\t<div class=\"elementor-widget-container\">\n\t\t\t\t\t\t\t\t\t<p>When we met for the first time in August 1992 in modest conditions but with a very friendly and family atmosphere of a small festival and courses of 30 people and 3 soloists and lecturers in Rychnov nad Kn\u011b\u017enou, few would expect that in a few years there will be an international guitar festival, regularly attended by 150-180 guitarists from 15 to 18 countries.<\/p>\t\t\t\t\t\t\t\t<\/div>\n\t\t\t\t<\/div>\n\t\t\t\t<div class=\"elementor-element elementor-element-7fd5279 elementor-widget elementor-widget-image\" data-id=\"7fd5279\" data-element_type=\"widget\" data-e-type=\"widget\" data-settings=\"{&quot;ekit_we_effect_on&quot;:&quot;none&quot;}\" data-widget_type=\"image.default\">\n\t\t\t\t<div class=\"elementor-widget-container\">\n\t\t\t\t\t\t\t\t\t\t\t\t\t\t\t<img fetchpriority=\"high\" decoding=\"async\" width=\"768\" height=\"547\" src=\"https:\/\/guitarcz.com\/wp-content\/uploads\/2021\/05\/festival-768x547-1.jpg\" class=\"attachment-medium_large size-medium_large wp-image-2749\" alt=\"\" srcset=\"https:\/\/guitarcz.com\/wp-content\/uploads\/2021\/05\/festival-768x547-1.jpg 768w, https:\/\/guitarcz.com\/wp-content\/uploads\/2021\/05\/festival-768x547-1-300x214.jpg 300w\" sizes=\"(max-width: 768px) 100vw, 768px\" \/>\t\t\t\t\t\t\t\t\t\t\t\t\t\t\t<\/div>\n\t\t\t\t<\/div>\n\t\t\t\t<div class=\"elementor-element elementor-element-d7e1d95 elementor-widget elementor-widget-text-editor\" data-id=\"d7e1d95\" data-element_type=\"widget\" data-e-type=\"widget\" data-settings=\"{&quot;ekit_we_effect_on&quot;:&quot;none&quot;}\" data-widget_type=\"text-editor.default\">\n\t\t\t\t<div class=\"elementor-widget-container\">\n\t\t\t\t\t\t\t\t\t<p>If someone said that there would be such a collection of top guitarists, without much financial support from big sponsors, the initiation and experts of the guitar world at least would not believe it, rather they would think of something about the loss of judgment. The festival grew, more and more people were coming, and the soloists had and had such an interest in the festival that it was something to choose from. Due to the increasing interest of guitarists and accommodation conditions, the festival moved to Brno in 1998, while the leadership, organization and character of the festival remained fully preserved. Today, the festival is considered to be one of the most important guitar festivals in Central Europe by a professional foreign press (eg Classical Guitar \u2013 England, Guitart \u2013 Italy etc.). He gained his solid background thanks to the support of the city of Brno, which, among other things, lends to the concerts a magnificent historical hall with baroque extensive paintings on the ceiling in the building of the New Town Hall in Brno and the South Moravian Region, and takes part in a very active cooperation with the Brno Cultural Center.<\/p><h2><b>Teachers and soloists who worked at the festival from 1992 to 2011<\/b><\/h2><p><i>Rafael And\u00eda, Roberto Aussel, Vladislav Bl\u00e1ha, Remi Boucher, Brn\u011bnsk\u00e9 instrument\u00e1ln\u00ed trio, Julian Byzantine, Jorge Cardoso, Compan\u00eda Flamenco Andaluz, Javier Conde y Grupo, Rafael Cort\u00e9z y Grupo, Arnoldo Garcia, Rafael Cu\u00e9n Garibi, Luciano Damiani, Anielloo Desiderio, Melodie Dickerson, Ji\u0159\u00ed Dobe\u0161, Uro\u0161 Doj\u010dinovi\u010d, Zoran Duki\u010d, Arnaud Dumond, Zden\u011bk Dvo\u0159\u00e1k, John W. Duarte, Roland Dyens, Loraine Eastwood, Roger Eon, Kathryn Evans, Robetro Fabbri, Juan Fal\u00fa, Massimo Felici, Jevgenij Finkelstein, Karel Fleischinger, Eric Franceris, Laurentiu Ganea, Boris Gaquere, Nicola Giuliani, Ren\u00e9 Gonzales, Antigoni Goni, Giovani Grano, Duo Guitarnet, Duo Guitacord, Guanajuato Guitar Quartet, Gabriel Guill\u00e9n, Guitar Project Trio: Paolo Devecchi, Salvatore Falkone, Salvatore Seminara, Victor Monge \u201eSerranito\u201cy grupo, Oscar Gurm\u00e1n y grupo, Yaron Hasson, Harvey Hope, Heinz Irmler, Simone Iannarelli, Ji\u0159\u00ed Jirmal, Masayuki Kato, Dale Kavanagh, Nikita Koshkin, Chris Kilvington, Miloslav Klaus, Jarema Klich, Frank Koonce, Francis Kleynjans, Georg Kugi, J\u00e1n Labant, David Leisner, Ezther Lencs\u00e9s, Trio Lenz, Jana Lewitov\u00e1, Michele Libraro, Maria Linnemann, Claudio Liviero, El Macareno y grupo, Enric Madriguera, Sabine Madriguera, Carlo Marchione, Vladim\u00edr Merta, Vladim\u00edr Mikulka, Sanja Milutinovic, Carlos Molina, Vania del Monaco, Jorge Morel, Martin Myslive\u010dek, Gianluigi Muti, Gregory Newton, Nigel North, Gerardo Nu\u0148ez, Pra\u017esk\u00e9 kytarov\u00e9 kvarteto, Matanya Ophee, Juan Francisco Ortiz, Rafael Padr\u00f3n, Real Duo, Stefano Palamidessi, Alfredo Panebianco, S\u00e1ndor Papp, Paolo Pegoraro, Krzysztof Pelech, Jovan Pesec, Jorge del Pino, Ramiro Mart\u00ednez Pi\u0148a, Sonja Prunnbauer, M\u00e1ximo Diego Pujol, \u0160t\u011bp\u00e1n Rak, Jos\u00e9 Antonio Rodriguez, Michel Rolland, Maria Isabel Siewers, Mina Sasaki, Tadashi Sasaki, Igor Shoshin, Silesian Guitar Octet, Jim Skinger, Hopkinson Smith, Sandro di Stefano, Pavel Steidl, Peter Stuart, Tracy Stuart, Finn Svit, Ernesto Tamayo, Andr\u00e9s Tapia, Milan Tesa\u0159, Scott Tennant, Daniel Thomas, Luciano Tortorelli, Viva Flamenco Group, Andrea Vettoretti, Stefano Viola, Katarzyna a Franciszek Wiaczorek, Rex Willis, Leo Witoszinskyj, Andrew York, Jarom\u00edr Z\u00e1me\u010dn\u00edk, Salvatore Zema, Jorge Luis Zamora, Dagmar Zsapka, Jozef Zsapka<\/i><\/p><h2><b>Festival participants\u2019 countries<\/b><\/h2><p><i>Argentina, Australia, Belgium, Belarus, Bulgaria, Brazil, Czech Republic, Chile, Croatia, the Netherlands, Denmark, Estonia, Finland, France, Italy, Israel, Ireland, Canada, Costa Rica, Lithuania, Liechtenstein, South Africa, Japan, Yugoslavia, Cuba, Mexico, Germany, Peru, Poland, Austria, Romania, Russia, Greece, Slovakia, Serbia, Spain, Switzerland, Tchai - Wan, Ukraine, USA, United Kingdom, Venezuela<\/i><\/p><h2><b>Masters Guitarists 1992 \u2013 2010<\/b><\/h2><p><i>Olivier Fanton d\u00b4Andon \/ Francie, Peter Barton \/ Anglie, Ji\u0159\u00ed Dobe\u0161 \/ \u010cR, Frank-Peter Dietrich \/ N\u011bmecko, Noel Callaert \/ Holandsko, Armin Gropp \/ N\u011bmecko, Hanika \/ N\u011bmecko, Jeroen Hilhorst \/ Holandsko, Johanes Hoffer \/ Rakousko, Veit Jacob \/ N\u011bmecko, Janis&amp;Thasos Koukourigos \/ \u0158ecko, Petr Matou\u0161ek \/ \u010cR, Stefano Robol \/ It\u00e1lie, Masaki Sakurai \/ Japonsko, Jan Schneider \/ \u010cR, Joachim Schneider \/ N\u011bmecko, Michal Schneider \/ \u010cR, Robert Schneider \/ \u010cR, V\u00e1clav Svoboda \/ \u010cR, Martin \u0160uk \/ \u010cR, Klaus Vogt \/ N\u011bmecko, Fabio Zontini \/ It\u00e1lie<\/i><\/p><h2><b>Premiers of the compositions performed at the 1992-2010 Festival by composers<\/b><\/h2><p><i>John W. Duarte, Nikita Koshkin, Francis Kleynjans, Boris Gaquere, \u0160t\u011bp\u00e1n Rak, Milan Tesa\u0159, Milo\u0161 \u0160t\u011bdro\u0148, Rex Willis, Jan \u0160im\u00ed\u010dek, Miroslav V\u011btrovec<\/i><\/p><h2><b>Soloists of concerts of the Czech Society of Classical Guitars 1986 \u2013 2010 Concerts organized by \u010cSKK in 1986-2010 outside guitar festival\u00a0<\/b><b><i>Koncerty po\u0159\u00e1dan\u00e9 \u010cSKK v letech 1986-2010 mimo kytarov\u00fd festival<\/i><\/b><\/h2><p><i>Aightetta Quartett, James Bogle, Arnie Brown, Abel Carlevaro, Rafael Catal\u00e1, Joaquin Clerch (ve spolupr\u00e1ci), Costas Cotsiolis, John Dowdall, Duo W. Anderson \u2013 J. Forsyth, Duo Arianne, Duo Evans \u2013 Madriguera, Duo V. K\u0159iv\u00e1 \u2013 M. Hovorkov\u00e1, Duo Violara: Fister &amp; Palier, Duo I. Perragallo \u2013 J. Pedroni, Duo \u0160. Rak \u2013 J. Sv\u011bcen\u00fd, Duo \u0160. Rak \u2013 A.Strej\u010dek, Duo P. \u0160tefal \u2013 P. Bauer, Jevgenij Finkelstein, Duo P. Zeoli \u2013 K. Navosack, Libor Fi\u0161er, Alexandr Frau\u010di, Freiburg Guitar Quartet, Gerald Garcia, Gorizia guitar Orchestra, Jana Hol\u00e1\u0148ov\u00e1, Jana Chochol\u00e1\u010dov\u00e1, Jakob Christensen, Toshiji Ishii, Roman Jedli\u010dka, Jarom\u00edra Je\u017ekov\u00e1, Stanislav Ju\u0159ica, Miloslav Klaus, Daniel Krop\u00e1\u010dek, Thierry Lebre, Paco de Lucia (ve spolupr\u00e1ci), Milan Matou\u0161ek, Alois Men\u0161\u00edk, Vladim\u00edr Mikulka, Martin Myslive\u010dek, Gregory Nisnevich, Eva Nysik, Ra\u00fal Olmos, Hans Palier, David Parsons, Pra\u017esk\u00e9 marimbov\u00e9 trio, Red Cedar Trio, David Russel, Rolando Saad, Michel Sadanowski, Ben Salfield, Gergely S\u00e1rk\u00f6zy, Petr Seidl, Pavel Steidl, David Sussman, Vladim\u00edr Tom\u010d\u00e1nyi, Trio de Paris (ve spolupr\u00e1ci), Ale\u0161 Trnka, Denisa Ve\u0161krnov\u00e1, Franciszek Wieczorek, Brian Wright, Milan Zelenka, Jozef Zsapka, Jan \u017d\u00e1\u010dek<\/i><\/p>\t\t\t\t\t\t\t\t<\/div>\n\t\t\t\t<\/div>\n\t\t\t\t\t<\/div>\n\t\t<\/div>\n\t\t\t\t\t<\/div>\n\t\t<\/section>\n\t\t\t\t<\/div>","protected":false},"excerpt":{"rendered":"<p>Kdy\u017e jsme se poprv\u00e9 setkali v srpnu roku 1992 ve skromn\u00fdch podm\u00ednk\u00e1ch, ale velmi p\u0159\u00e1telsk\u00e9 a\u017e rodinn\u00e9 atmosf\u00e9\u0159e mal\u00e9ho festivalu a kurs\u016f o 30 lidech a 3 s\u00f3listech a lektorech v Rychnov\u011b nad Kn\u011b\u017enou, m\u00e1lokdo by o\u010dek\u00e1val, \u017ee za p\u00e1r let zde bude mezin\u00e1rodn\u00ed kytarov\u00fd festival, jeho\u017e se pravideln\u011b \u00fa\u010dastn\u00ed 150 \u2013 180 kytarist\u016f z [&hellip;]<\/p>\n","protected":false},"author":1,"featured_media":0,"parent":0,"menu_order":0,"comment_status":"closed","ping_status":"closed","template":"elementor_header_footer","meta":{"ngg_post_thumbnail":0,"footnotes":"","_links_to":"","_links_to_target":""},"class_list":["post-2746","page","type-page","status-publish","hentry"],"yoast_head":"<!-- This site is optimized with the Yoast SEO plugin v27.0 - https:\/\/yoast.com\/product\/yoast-seo-wordpress\/ -->\n<title>Historie - Kytarov\u00fd Festival<\/title>\n<meta name=\"robots\" content=\"index, follow, max-snippet:-1, max-image-preview:large, max-video-preview:-1\" \/>\n<link rel=\"canonical\" href=\"https:\/\/guitarcz.com\/en\/historie\/\" \/>\n<meta property=\"og:locale\" content=\"en_GB\" \/>\n<meta property=\"og:type\" content=\"article\" \/>\n<meta property=\"og:title\" content=\"Historie - Kytarov\u00fd Festival\" \/>\n<meta property=\"og:description\" content=\"Kdy\u017e jsme se poprv\u00e9 setkali v srpnu roku 1992 ve skromn\u00fdch podm\u00ednk\u00e1ch, ale velmi p\u0159\u00e1telsk\u00e9 a\u017e rodinn\u00e9 atmosf\u00e9\u0159e mal\u00e9ho festivalu a kurs\u016f o 30 lidech a 3 s\u00f3listech a lektorech v Rychnov\u011b nad Kn\u011b\u017enou, m\u00e1lokdo by o\u010dek\u00e1val, \u017ee za p\u00e1r let zde bude mezin\u00e1rodn\u00ed kytarov\u00fd festival, jeho\u017e se pravideln\u011b \u00fa\u010dastn\u00ed 150 \u2013 180 kytarist\u016f z [&hellip;]\" \/>\n<meta property=\"og:url\" content=\"https:\/\/guitarcz.com\/en\/historie\/\" \/>\n<meta property=\"og:site_name\" content=\"Kytarov\u00fd Festival\" \/>\n<meta property=\"article:modified_time\" content=\"2021-05-16T15:25:29+00:00\" \/>\n<meta property=\"og:image\" content=\"https:\/\/guitarcz.com\/wp-content\/uploads\/2021\/05\/festival-768x547-1.jpg\" \/>\n<meta name=\"twitter:card\" content=\"summary_large_image\" \/>\n<meta name=\"twitter:label1\" content=\"Estimated reading time\" \/>\n\t<meta name=\"twitter:data1\" content=\"5 minutes\" \/>\n<script type=\"application\/ld+json\" class=\"yoast-schema-graph\">{\"@context\":\"https:\/\/schema.org\",\"@graph\":[{\"@type\":\"WebPage\",\"@id\":\"https:\/\/guitarcz.com\/historie\/\",\"url\":\"https:\/\/guitarcz.com\/historie\/\",\"name\":\"Historie - Kytarov\u00fd Festival\",\"isPartOf\":{\"@id\":\"https:\/\/guitarcz.com\/#website\"},\"primaryImageOfPage\":{\"@id\":\"https:\/\/guitarcz.com\/historie\/#primaryimage\"},\"image\":{\"@id\":\"https:\/\/guitarcz.com\/historie\/#primaryimage\"},\"thumbnailUrl\":\"https:\/\/guitarcz.com\/wp-content\/uploads\/2021\/05\/festival-768x547-1.jpg\",\"datePublished\":\"2021-05-16T11:13:18+00:00\",\"dateModified\":\"2021-05-16T15:25:29+00:00\",\"breadcrumb\":{\"@id\":\"https:\/\/guitarcz.com\/historie\/#breadcrumb\"},\"inLanguage\":\"en-GB\",\"potentialAction\":[{\"@type\":\"ReadAction\",\"target\":[\"https:\/\/guitarcz.com\/historie\/\"]}]},{\"@type\":\"ImageObject\",\"inLanguage\":\"en-GB\",\"@id\":\"https:\/\/guitarcz.com\/historie\/#primaryimage\",\"url\":\"https:\/\/guitarcz.com\/wp-content\/uploads\/2021\/05\/festival-768x547-1.jpg\",\"contentUrl\":\"https:\/\/guitarcz.com\/wp-content\/uploads\/2021\/05\/festival-768x547-1.jpg\"},{\"@type\":\"BreadcrumbList\",\"@id\":\"https:\/\/guitarcz.com\/historie\/#breadcrumb\",\"itemListElement\":[{\"@type\":\"ListItem\",\"position\":1,\"name\":\"Dom\u016f\",\"item\":\"https:\/\/guitarcz.com\/\"},{\"@type\":\"ListItem\",\"position\":2,\"name\":\"Historie\"}]},{\"@type\":\"WebSite\",\"@id\":\"https:\/\/guitarcz.com\/#website\",\"url\":\"https:\/\/guitarcz.com\/\",\"name\":\"Kytarov\u00fd Festival\",\"description\":\"Mezin\u00e1rodn\u00ed Kytarov\u00fd Festival A Kurzy\",\"potentialAction\":[{\"@type\":\"SearchAction\",\"target\":{\"@type\":\"EntryPoint\",\"urlTemplate\":\"https:\/\/guitarcz.com\/?s={search_term_string}\"},\"query-input\":{\"@type\":\"PropertyValueSpecification\",\"valueRequired\":true,\"valueName\":\"search_term_string\"}}],\"inLanguage\":\"en-GB\"}]}<\/script>\n<!-- \/ Yoast SEO plugin. -->","yoast_head_json":{"title":"Historie - Kytarov\u00fd Festival","robots":{"index":"index","follow":"follow","max-snippet":"max-snippet:-1","max-image-preview":"max-image-preview:large","max-video-preview":"max-video-preview:-1"},"canonical":"https:\/\/guitarcz.com\/en\/historie\/","og_locale":"en_GB","og_type":"article","og_title":"Historie - Kytarov\u00fd Festival","og_description":"Kdy\u017e jsme se poprv\u00e9 setkali v srpnu roku 1992 ve skromn\u00fdch podm\u00ednk\u00e1ch, ale velmi p\u0159\u00e1telsk\u00e9 a\u017e rodinn\u00e9 atmosf\u00e9\u0159e mal\u00e9ho festivalu a kurs\u016f o 30 lidech a 3 s\u00f3listech a lektorech v Rychnov\u011b nad Kn\u011b\u017enou, m\u00e1lokdo by o\u010dek\u00e1val, \u017ee za p\u00e1r let zde bude mezin\u00e1rodn\u00ed kytarov\u00fd festival, jeho\u017e se pravideln\u011b \u00fa\u010dastn\u00ed 150 \u2013 180 kytarist\u016f z [&hellip;]","og_url":"https:\/\/guitarcz.com\/en\/historie\/","og_site_name":"Kytarov\u00fd Festival","article_modified_time":"2021-05-16T15:25:29+00:00","og_image":[{"url":"https:\/\/guitarcz.com\/wp-content\/uploads\/2021\/05\/festival-768x547-1.jpg","type":"","width":"","height":""}],"twitter_card":"summary_large_image","twitter_misc":{"Estimated reading time":"5 minutes"},"schema":{"@context":"https:\/\/schema.org","@graph":[{"@type":"WebPage","@id":"https:\/\/guitarcz.com\/historie\/","url":"https:\/\/guitarcz.com\/historie\/","name":"Historie - Kytarov\u00fd Festival","isPartOf":{"@id":"https:\/\/guitarcz.com\/#website"},"primaryImageOfPage":{"@id":"https:\/\/guitarcz.com\/historie\/#primaryimage"},"image":{"@id":"https:\/\/guitarcz.com\/historie\/#primaryimage"},"thumbnailUrl":"https:\/\/guitarcz.com\/wp-content\/uploads\/2021\/05\/festival-768x547-1.jpg","datePublished":"2021-05-16T11:13:18+00:00","dateModified":"2021-05-16T15:25:29+00:00","breadcrumb":{"@id":"https:\/\/guitarcz.com\/historie\/#breadcrumb"},"inLanguage":"en-GB","potentialAction":[{"@type":"ReadAction","target":["https:\/\/guitarcz.com\/historie\/"]}]},{"@type":"ImageObject","inLanguage":"en-GB","@id":"https:\/\/guitarcz.com\/historie\/#primaryimage","url":"https:\/\/guitarcz.com\/wp-content\/uploads\/2021\/05\/festival-768x547-1.jpg","contentUrl":"https:\/\/guitarcz.com\/wp-content\/uploads\/2021\/05\/festival-768x547-1.jpg"},{"@type":"BreadcrumbList","@id":"https:\/\/guitarcz.com\/historie\/#breadcrumb","itemListElement":[{"@type":"ListItem","position":1,"name":"Dom\u016f","item":"https:\/\/guitarcz.com\/"},{"@type":"ListItem","position":2,"name":"Historie"}]},{"@type":"WebSite","@id":"https:\/\/guitarcz.com\/#website","url":"https:\/\/guitarcz.com\/","name":"Kytarov\u00fd Festival","description":"Mezin\u00e1rodn\u00ed Kytarov\u00fd Festival A Kurzy","potentialAction":[{"@type":"SearchAction","target":{"@type":"EntryPoint","urlTemplate":"https:\/\/guitarcz.com\/?s={search_term_string}"},"query-input":{"@type":"PropertyValueSpecification","valueRequired":true,"valueName":"search_term_string"}}],"inLanguage":"en-GB"}]}},"_links":{"self":[{"href":"https:\/\/guitarcz.com\/en\/wp-json\/wp\/v2\/pages\/2746","targetHints":{"allow":["GET"]}}],"collection":[{"href":"https:\/\/guitarcz.com\/en\/wp-json\/wp\/v2\/pages"}],"about":[{"href":"https:\/\/guitarcz.com\/en\/wp-json\/wp\/v2\/types\/page"}],"author":[{"embeddable":true,"href":"https:\/\/guitarcz.com\/en\/wp-json\/wp\/v2\/users\/1"}],"replies":[{"embeddable":true,"href":"https:\/\/guitarcz.com\/en\/wp-json\/wp\/v2\/comments?post=2746"}],"version-history":[{"count":19,"href":"https:\/\/guitarcz.com\/en\/wp-json\/wp\/v2\/pages\/2746\/revisions"}],"predecessor-version":[{"id":2859,"href":"https:\/\/guitarcz.com\/en\/wp-json\/wp\/v2\/pages\/2746\/revisions\/2859"}],"wp:attachment":[{"href":"https:\/\/guitarcz.com\/en\/wp-json\/wp\/v2\/media?parent=2746"}],"curies":[{"name":"wp","href":"https:\/\/api.w.org\/{rel}","templated":true}]}}