{"id":1225,"date":"2019-01-08T06:14:37","date_gmt":"2019-01-08T06:14:37","guid":{"rendered":"http:\/\/localhost\/Exhibz\/?page_id=1225"},"modified":"2025-01-27T23:28:10","modified_gmt":"2025-01-27T22:28:10","slug":"contact","status":"publish","type":"page","link":"https:\/\/guitarcz.com\/en\/contact\/","title":{"rendered":"Contacts"},"content":{"rendered":"<div data-elementor-type=\"wp-post\" data-elementor-id=\"1225\" class=\"elementor elementor-1225\" data-elementor-post-type=\"page\">\n\t\t\t\t\t\t<section class=\"elementor-section elementor-top-section elementor-element elementor-element-aa99b7d elementor-section-boxed elementor-section-height-default elementor-section-height-default\" data-id=\"aa99b7d\" data-element_type=\"section\" data-e-type=\"section\">\n\t\t\t\t\t\t<div class=\"elementor-container elementor-column-gap-default\">\n\t\t\t\t\t<div class=\"elementor-column elementor-col-100 elementor-top-column elementor-element elementor-element-7b3b5e0\" data-id=\"7b3b5e0\" data-element_type=\"column\" data-e-type=\"column\">\n\t\t\t<div class=\"elementor-widget-wrap elementor-element-populated\">\n\t\t\t\t\t\t<div class=\"elementor-element elementor-element-cb028c3 elementor-widget elementor-widget-exhibz-title\" data-id=\"cb028c3\" data-element_type=\"widget\" data-e-type=\"widget\" data-settings=\"{&quot;ekit_we_effect_on&quot;:&quot;none&quot;}\" data-widget_type=\"exhibz-title.default\">\n\t\t\t\t<div class=\"elementor-widget-container\">\n\t\t\t\t\t\n    <div class=\"title-section-area\">\n        <h2 class=\"section-title\">\n            <span class=\"sub-title\"><\/span>\n\t\t\tContacts        <\/h2>\n\t\t\t\t\t<div class=\"title-desc\"><p>In case of questions, please do not hesitate to contact us.<\/p><\/div>\n\t\t                    <span class=\"title-shape\">\n                  <svg xmlns='http:\/\/www.w3.org\/2000\/svg' xmlns:xlink='http:\/\/www.w3.org\/1999\/xlink' width='71px' height='11px'> <path fill-rule='evenodd' d='M59.669,10.710 L49.164,3.306 L39.428,10.681 L29.714,3.322 L20.006,10.682 L10.295,3.322 L1.185,10.228 L-0.010,8.578 L10.295,0.765 L20.006,8.125 L29.714,0.765 L39.428,8.125 L49.122,0.781 L59.680,8.223 L69.858,1.192 L70.982,2.895 L59.669,10.710 Z'\/><\/svg>\n            <\/span>\n                    <\/div><!-- Section title -->\n    \n    \n\n    \t\t\t\t<\/div>\n\t\t\t\t<\/div>\n\t\t\t\t\t<\/div>\n\t\t<\/div>\n\t\t\t\t\t<\/div>\n\t\t<\/section>\n\t\t\t\t<section class=\"elementor-section elementor-top-section elementor-element elementor-element-d2832ba elementor-section-boxed elementor-section-height-default elementor-section-height-default\" data-id=\"d2832ba\" data-element_type=\"section\" data-e-type=\"section\" data-settings=\"{&quot;background_background&quot;:&quot;classic&quot;}\">\n\t\t\t\t\t\t<div class=\"elementor-container elementor-column-gap-default\">\n\t\t\t\t\t<div class=\"elementor-column elementor-col-100 elementor-top-column elementor-element elementor-element-6081284\" data-id=\"6081284\" data-element_type=\"column\" data-e-type=\"column\">\n\t\t\t<div class=\"elementor-widget-wrap elementor-element-populated\">\n\t\t\t\t\t\t<section class=\"elementor-section elementor-inner-section elementor-element elementor-element-00c0674 elementor-section-boxed elementor-section-height-default elementor-section-height-default\" data-id=\"00c0674\" data-element_type=\"section\" data-e-type=\"section\">\n\t\t\t\t\t\t<div class=\"elementor-container elementor-column-gap-default\">\n\t\t\t\t\t<div class=\"elementor-column elementor-col-50 elementor-inner-column elementor-element elementor-element-133c603\" data-id=\"133c603\" data-element_type=\"column\" data-e-type=\"column\">\n\t\t\t<div class=\"elementor-widget-wrap elementor-element-populated\">\n\t\t\t\t\t\t<div class=\"elementor-element elementor-element-389ad6c elementor-widget elementor-widget-exhibz-feature\" data-id=\"389ad6c\" data-element_type=\"widget\" data-e-type=\"widget\" data-settings=\"{&quot;ekit_we_effect_on&quot;:&quot;none&quot;}\" data-widget_type=\"exhibz-feature.default\">\n\t\t\t\t<div class=\"elementor-widget-container\">\n\t\t\t\t\t\n\t\t\n\t\t\n\t\t            <div class=\"single-intro-text single-contact-feature\">\n                <h3 class=\"ts-title\">Festival Manager<\/h3>\n                <p>\n\t\t\t\t\t<strong>Name:<\/strong> prof. Mgr. Vladislav Bl\u00e1ha ArtD. <\/br>\n\n<strong>Email:<\/strong> blaha@vlblaha.cz<\/br>\n\n<strong>Website:<\/strong> vlblaha.cz<\/br>                <\/p>\n                <span class=\"count-number\">\n\t\t\t\t\t<i aria-hidden=\"true\" class=\"fas fa-home\"><\/i>\t\t\t\t<\/span>\n            <\/div>\n\t\t\n\t\t\n\t\t\n\n\t\t\t\t\t\t<\/div>\n\t\t\t\t<\/div>\n\t\t\t\t\t<\/div>\n\t\t<\/div>\n\t\t\t\t<div class=\"elementor-column elementor-col-50 elementor-inner-column elementor-element elementor-element-1d9bfff\" data-id=\"1d9bfff\" data-element_type=\"column\" data-e-type=\"column\">\n\t\t\t<div class=\"elementor-widget-wrap elementor-element-populated\">\n\t\t\t\t\t\t<div class=\"elementor-element elementor-element-4da74fc elementor-widget elementor-widget-exhibz-feature\" data-id=\"4da74fc\" data-element_type=\"widget\" data-e-type=\"widget\" data-settings=\"{&quot;ekit_we_effect_on&quot;:&quot;none&quot;}\" data-widget_type=\"exhibz-feature.default\">\n\t\t\t\t<div class=\"elementor-widget-container\">\n\t\t\t\t\t\n\t\t\n\t\t\n\t\t            <div class=\"single-intro-text single-contact-feature\">\n                <h3 class=\"ts-title\">Secretary of the CGS (Czech Guitar Society)<\/h3>\n                <p>\n\t\t\t\t\t<strong>Name:<\/strong> Roman K\u0159iv\u00e1nek<\/br>\n\n<strong>Adress<\/strong> Sedl\u00e1kova 1a, Brno<\/br>\n<\/br>                <\/p>\n                <span class=\"count-number\">\n\t\t\t\t\t<i aria-hidden=\"true\" class=\"fas fa-home\"><\/i>\t\t\t\t<\/span>\n            <\/div>\n\t\t\n\t\t\n\t\t\n\n\t\t\t\t\t\t<\/div>\n\t\t\t\t<\/div>\n\t\t\t\t\t<\/div>\n\t\t<\/div>\n\t\t\t\t\t<\/div>\n\t\t<\/section>\n\t\t\t\t<section class=\"elementor-section elementor-inner-section elementor-element elementor-element-caf9c9f elementor-section-boxed elementor-section-height-default elementor-section-height-default\" data-id=\"caf9c9f\" data-element_type=\"section\" data-e-type=\"section\">\n\t\t\t\t\t\t<div class=\"elementor-container elementor-column-gap-default\">\n\t\t\t\t\t<div class=\"elementor-column elementor-col-50 elementor-inner-column elementor-element elementor-element-f345974\" data-id=\"f345974\" data-element_type=\"column\" data-e-type=\"column\">\n\t\t\t<div class=\"elementor-widget-wrap elementor-element-populated\">\n\t\t\t\t\t\t<div class=\"elementor-element elementor-element-957418e elementor-widget elementor-widget-exhibz-feature\" data-id=\"957418e\" data-element_type=\"widget\" data-e-type=\"widget\" data-settings=\"{&quot;ekit_we_effect_on&quot;:&quot;none&quot;}\" data-widget_type=\"exhibz-feature.default\">\n\t\t\t\t<div class=\"elementor-widget-container\">\n\t\t\t\t\t\n\t\t\n\t\t\n\t\t            <div class=\"single-intro-text single-contact-feature\">\n                <h3 class=\"ts-title\">Czech Guitar Society z.s.,<\/h3>\n                <p>\n\t\t\t\t\tRennesk\u00e1 25, 639 00 Brno\n<br>\n<strong>Phone:<\/strong> +420 605 251 284<\/br>\n<strong>Email:<\/strong> guitar@guitarcz.com<\/br>                <\/p>\n                <span class=\"count-number\">\n\t\t\t\t\t<i aria-hidden=\"true\" class=\"fas fa-home\"><\/i>\t\t\t\t<\/span>\n            <\/div>\n\t\t\n\t\t\n\t\t\n\n\t\t\t\t\t\t<\/div>\n\t\t\t\t<\/div>\n\t\t\t\t\t<\/div>\n\t\t<\/div>\n\t\t\t\t<div class=\"elementor-column elementor-col-50 elementor-inner-column elementor-element elementor-element-17c3f1f\" data-id=\"17c3f1f\" data-element_type=\"column\" data-e-type=\"column\">\n\t\t\t<div class=\"elementor-widget-wrap elementor-element-populated\">\n\t\t\t\t\t\t<div class=\"elementor-element elementor-element-2286cc0 elementor-widget elementor-widget-exhibz-feature\" data-id=\"2286cc0\" data-element_type=\"widget\" data-e-type=\"widget\" data-settings=\"{&quot;ekit_we_effect_on&quot;:&quot;none&quot;}\" data-widget_type=\"exhibz-feature.default\">\n\t\t\t\t<div class=\"elementor-widget-container\">\n\t\t\t\t\t\n\t\t\n\t\t\n\t\t            <div class=\"single-intro-text single-contact-feature\">\n                <h3 class=\"ts-title\">SNIP &amp; CO<\/h3>\n                <p>\n\t\t\t\t\t<strong>Advertising partner<\/strong> <\/br>\n<strong>Website:<\/strong> www.snip-brno.cz<\/br>\n<strong>Adress<\/strong> \u0160pit\u00e1lka 41, 602 00 Brno<\/br>                <\/p>\n                <span class=\"count-number\">\n\t\t\t\t\t<i aria-hidden=\"true\" class=\"fas fa-home\"><\/i>\t\t\t\t<\/span>\n            <\/div>\n\t\t\n\t\t\n\t\t\n\n\t\t\t\t\t\t<\/div>\n\t\t\t\t<\/div>\n\t\t\t\t\t<\/div>\n\t\t<\/div>\n\t\t\t\t\t<\/div>\n\t\t<\/section>\n\t\t\t\t<section class=\"elementor-section elementor-inner-section elementor-element elementor-element-0876f31 elementor-section-boxed elementor-section-height-default elementor-section-height-default\" data-id=\"0876f31\" data-element_type=\"section\" data-e-type=\"section\">\n\t\t\t\t\t\t<div class=\"elementor-container elementor-column-gap-default\">\n\t\t\t\t\t<div class=\"elementor-column elementor-col-50 elementor-inner-column elementor-element elementor-element-782bb09\" data-id=\"782bb09\" data-element_type=\"column\" data-e-type=\"column\">\n\t\t\t<div class=\"elementor-widget-wrap elementor-element-populated\">\n\t\t\t\t\t\t<div class=\"elementor-element elementor-element-0082849 elementor-widget elementor-widget-exhibz-feature\" data-id=\"0082849\" data-element_type=\"widget\" data-e-type=\"widget\" data-settings=\"{&quot;ekit_we_effect_on&quot;:&quot;none&quot;}\" data-widget_type=\"exhibz-feature.default\">\n\t\t\t\t<div class=\"elementor-widget-container\">\n\t\t\t\t\t\n\t\t\n\t\t\n\t\t            <div class=\"single-intro-text single-contact-feature\">\n                <h3 class=\"ts-title\">T\u00e1\u0148a Drobys<\/h3>\n                <p>\n\t\t\t\t\tInforace ohledn\u011b p\u0159ihl\u00e1\u0161ek a pr\u016fb\u011bhu festivalu.<\/br>\n<strong>Email:<\/strong> drobystana@seznam.cz<\/br>\n<strong>Phone:<\/strong> +420 736 160 162                <\/p>\n                <span class=\"count-number\">\n\t\t\t\t\t<i aria-hidden=\"true\" class=\"fas fa-home\"><\/i>\t\t\t\t<\/span>\n            <\/div>\n\t\t\n\t\t\n\t\t\n\n\t\t\t\t\t\t<\/div>\n\t\t\t\t<\/div>\n\t\t\t\t\t<\/div>\n\t\t<\/div>\n\t\t\t\t<div class=\"elementor-column elementor-col-50 elementor-inner-column elementor-element elementor-element-3c76d04\" data-id=\"3c76d04\" data-element_type=\"column\" data-e-type=\"column\">\n\t\t\t<div class=\"elementor-widget-wrap\">\n\t\t\t\t\t\t\t<\/div>\n\t\t<\/div>\n\t\t\t\t\t<\/div>\n\t\t<\/section>\n\t\t\t\t<section class=\"elementor-section elementor-inner-section elementor-element elementor-element-cdb186d elementor-section-boxed elementor-section-height-default elementor-section-height-default\" data-id=\"cdb186d\" data-element_type=\"section\" data-e-type=\"section\">\n\t\t\t\t\t\t<div class=\"elementor-container elementor-column-gap-default\">\n\t\t\t\t\t<div class=\"elementor-column elementor-col-100 elementor-inner-column elementor-element elementor-element-2497db0\" data-id=\"2497db0\" data-element_type=\"column\" data-e-type=\"column\">\n\t\t\t<div class=\"elementor-widget-wrap\">\n\t\t\t\t\t\t\t<\/div>\n\t\t<\/div>\n\t\t\t\t\t<\/div>\n\t\t<\/section>\n\t\t\t\t\t<\/div>\n\t\t<\/div>\n\t\t\t\t\t<\/div>\n\t\t<\/section>\n\t\t\t\t<section class=\"elementor-section elementor-top-section elementor-element elementor-element-8e8f67e elementor-section-full_width elementor-section-height-default elementor-section-height-default\" data-id=\"8e8f67e\" data-element_type=\"section\" data-e-type=\"section\">\n\t\t\t\t\t\t\t<div class=\"elementor-background-overlay\"><\/div>\n\t\t\t\t\t\t\t<div class=\"elementor-container elementor-column-gap-no\">\n\t\t\t\t\t<div class=\"elementor-column elementor-col-100 elementor-top-column elementor-element elementor-element-4db4011\" data-id=\"4db4011\" data-element_type=\"column\" data-e-type=\"column\">\n\t\t\t<div class=\"elementor-widget-wrap elementor-element-populated\">\n\t\t\t\t\t\t<div class=\"elementor-element elementor-element-3981dff elementor-widget elementor-widget-google_maps\" data-id=\"3981dff\" data-element_type=\"widget\" data-e-type=\"widget\" data-settings=\"{&quot;ekit_we_effect_on&quot;:&quot;none&quot;}\" data-widget_type=\"google_maps.default\">\n\t\t\t\t<div class=\"elementor-widget-container\">\n\t\t\t\t\t\t\t<div class=\"elementor-custom-embed\">\n\t\t\t<iframe loading=\"lazy\"\n\t\t\t\t\tsrc=\"https:\/\/maps.google.com\/maps?q=Rennesk%C3%A1%2025%2C%20Brno%20639%2000%20&#038;t=m&#038;z=16&#038;output=embed&#038;iwloc=near\"\n\t\t\t\t\ttitle=\"Rennesk\u00e1 25, Brno 639 00 \"\n\t\t\t\t\taria-label=\"Rennesk\u00e1 25, Brno 639 00 \"\n\t\t\t><\/iframe>\n\t\t<\/div>\n\t\t\t\t\t\t<\/div>\n\t\t\t\t<\/div>\n\t\t\t\t\t<\/div>\n\t\t<\/div>\n\t\t\t\t\t<\/div>\n\t\t<\/section>\n\t\t\t\t<\/div>","protected":false},"excerpt":{"rendered":"<p>Kontakty V p\u0159\u00edpad\u011b dotaz\u016f n\u00e1s nev\u00e1hejte kontaktovat. Organiza\u010dn\u00ed veden\u00ed festivalu Jm\u00e9no: prof. Mgr. Vladislav Bl\u00e1ha ArtD. Email: blaha@vlblaha.cz Web: vlblaha.cz Tajemn\u00edk \u010cKS z.s. Jm\u00e9no: Roman K\u0159iv\u00e1nek Adresa: Sedl\u00e1kova 1a, Brno \u010cesk\u00e1 kytarov\u00e1 spole\u010dnost z.s., Rennesk\u00e1 25, 639 00 Brno Telefon: +420 605 251 284 Email: guitar@guitarcz.com SNIP &amp; CO Reklamn\u00ed partner Web: www.snip-brno.cz Adresa: \u0160pit\u00e1lka [&hellip;]<\/p>\n","protected":false},"author":1,"featured_media":0,"parent":0,"menu_order":0,"comment_status":"closed","ping_status":"closed","template":"elementor_header_footer","meta":{"ngg_post_thumbnail":0,"footnotes":"","_links_to":"","_links_to_target":""},"class_list":["post-1225","page","type-page","status-publish","hentry"],"yoast_head":"<!-- This site is optimized with the Yoast SEO plugin v27.0 - https:\/\/yoast.com\/product\/yoast-seo-wordpress\/ -->\n<title>Kontakty - Kytarov\u00fd Festival<\/title>\n<meta name=\"robots\" content=\"index, follow, max-snippet:-1, max-image-preview:large, max-video-preview:-1\" \/>\n<link rel=\"canonical\" href=\"https:\/\/guitarcz.com\/en\/contact\/\" \/>\n<meta property=\"og:locale\" content=\"en_GB\" \/>\n<meta property=\"og:type\" content=\"article\" \/>\n<meta property=\"og:title\" content=\"Kontakty - Kytarov\u00fd Festival\" \/>\n<meta property=\"og:description\" content=\"Kontakty V p\u0159\u00edpad\u011b dotaz\u016f n\u00e1s nev\u00e1hejte kontaktovat. Organiza\u010dn\u00ed veden\u00ed festivalu Jm\u00e9no: prof. Mgr. Vladislav Bl\u00e1ha ArtD. Email: blaha@vlblaha.cz Web: vlblaha.cz Tajemn\u00edk \u010cKS z.s. Jm\u00e9no: Roman K\u0159iv\u00e1nek Adresa: Sedl\u00e1kova 1a, Brno \u010cesk\u00e1 kytarov\u00e1 spole\u010dnost z.s., Rennesk\u00e1 25, 639 00 Brno Telefon: +420 605 251 284 Email: guitar@guitarcz.com SNIP &amp; CO Reklamn\u00ed partner Web: www.snip-brno.cz Adresa: \u0160pit\u00e1lka [&hellip;]\" \/>\n<meta property=\"og:url\" content=\"https:\/\/guitarcz.com\/en\/contact\/\" \/>\n<meta property=\"og:site_name\" content=\"Kytarov\u00fd Festival\" \/>\n<meta property=\"article:modified_time\" content=\"2025-01-27T22:28:10+00:00\" \/>\n<meta name=\"twitter:card\" content=\"summary_large_image\" \/>\n<meta name=\"twitter:label1\" content=\"Estimated reading time\" \/>\n\t<meta name=\"twitter:data1\" content=\"1 minute\" \/>\n<script type=\"application\/ld+json\" class=\"yoast-schema-graph\">{\"@context\":\"https:\/\/schema.org\",\"@graph\":[{\"@type\":\"WebPage\",\"@id\":\"https:\/\/guitarcz.com\/contact\/\",\"url\":\"https:\/\/guitarcz.com\/contact\/\",\"name\":\"Kontakty - Kytarov\u00fd Festival\",\"isPartOf\":{\"@id\":\"https:\/\/guitarcz.com\/#website\"},\"datePublished\":\"2019-01-08T06:14:37+00:00\",\"dateModified\":\"2025-01-27T22:28:10+00:00\",\"breadcrumb\":{\"@id\":\"https:\/\/guitarcz.com\/contact\/#breadcrumb\"},\"inLanguage\":\"en-GB\",\"potentialAction\":[{\"@type\":\"ReadAction\",\"target\":[\"https:\/\/guitarcz.com\/contact\/\"]}]},{\"@type\":\"BreadcrumbList\",\"@id\":\"https:\/\/guitarcz.com\/contact\/#breadcrumb\",\"itemListElement\":[{\"@type\":\"ListItem\",\"position\":1,\"name\":\"Dom\u016f\",\"item\":\"https:\/\/guitarcz.com\/\"},{\"@type\":\"ListItem\",\"position\":2,\"name\":\"Kontakty\"}]},{\"@type\":\"WebSite\",\"@id\":\"https:\/\/guitarcz.com\/#website\",\"url\":\"https:\/\/guitarcz.com\/\",\"name\":\"Kytarov\u00fd Festival\",\"description\":\"Mezin\u00e1rodn\u00ed Kytarov\u00fd Festival A Kurzy\",\"potentialAction\":[{\"@type\":\"SearchAction\",\"target\":{\"@type\":\"EntryPoint\",\"urlTemplate\":\"https:\/\/guitarcz.com\/?s={search_term_string}\"},\"query-input\":{\"@type\":\"PropertyValueSpecification\",\"valueRequired\":true,\"valueName\":\"search_term_string\"}}],\"inLanguage\":\"en-GB\"}]}<\/script>\n<!-- \/ Yoast SEO plugin. -->","yoast_head_json":{"title":"Kontakty - Kytarov\u00fd Festival","robots":{"index":"index","follow":"follow","max-snippet":"max-snippet:-1","max-image-preview":"max-image-preview:large","max-video-preview":"max-video-preview:-1"},"canonical":"https:\/\/guitarcz.com\/en\/contact\/","og_locale":"en_GB","og_type":"article","og_title":"Kontakty - Kytarov\u00fd Festival","og_description":"Kontakty V p\u0159\u00edpad\u011b dotaz\u016f n\u00e1s nev\u00e1hejte kontaktovat. Organiza\u010dn\u00ed veden\u00ed festivalu Jm\u00e9no: prof. Mgr. Vladislav Bl\u00e1ha ArtD. Email: blaha@vlblaha.cz Web: vlblaha.cz Tajemn\u00edk \u010cKS z.s. Jm\u00e9no: Roman K\u0159iv\u00e1nek Adresa: Sedl\u00e1kova 1a, Brno \u010cesk\u00e1 kytarov\u00e1 spole\u010dnost z.s., Rennesk\u00e1 25, 639 00 Brno Telefon: +420 605 251 284 Email: guitar@guitarcz.com SNIP &amp; CO Reklamn\u00ed partner Web: www.snip-brno.cz Adresa: \u0160pit\u00e1lka [&hellip;]","og_url":"https:\/\/guitarcz.com\/en\/contact\/","og_site_name":"Kytarov\u00fd Festival","article_modified_time":"2025-01-27T22:28:10+00:00","twitter_card":"summary_large_image","twitter_misc":{"Estimated reading time":"1 minute"},"schema":{"@context":"https:\/\/schema.org","@graph":[{"@type":"WebPage","@id":"https:\/\/guitarcz.com\/contact\/","url":"https:\/\/guitarcz.com\/contact\/","name":"Kontakty - Kytarov\u00fd Festival","isPartOf":{"@id":"https:\/\/guitarcz.com\/#website"},"datePublished":"2019-01-08T06:14:37+00:00","dateModified":"2025-01-27T22:28:10+00:00","breadcrumb":{"@id":"https:\/\/guitarcz.com\/contact\/#breadcrumb"},"inLanguage":"en-GB","potentialAction":[{"@type":"ReadAction","target":["https:\/\/guitarcz.com\/contact\/"]}]},{"@type":"BreadcrumbList","@id":"https:\/\/guitarcz.com\/contact\/#breadcrumb","itemListElement":[{"@type":"ListItem","position":1,"name":"Dom\u016f","item":"https:\/\/guitarcz.com\/"},{"@type":"ListItem","position":2,"name":"Kontakty"}]},{"@type":"WebSite","@id":"https:\/\/guitarcz.com\/#website","url":"https:\/\/guitarcz.com\/","name":"Kytarov\u00fd Festival","description":"Mezin\u00e1rodn\u00ed Kytarov\u00fd Festival A Kurzy","potentialAction":[{"@type":"SearchAction","target":{"@type":"EntryPoint","urlTemplate":"https:\/\/guitarcz.com\/?s={search_term_string}"},"query-input":{"@type":"PropertyValueSpecification","valueRequired":true,"valueName":"search_term_string"}}],"inLanguage":"en-GB"}]}},"_links":{"self":[{"href":"https:\/\/guitarcz.com\/en\/wp-json\/wp\/v2\/pages\/1225","targetHints":{"allow":["GET"]}}],"collection":[{"href":"https:\/\/guitarcz.com\/en\/wp-json\/wp\/v2\/pages"}],"about":[{"href":"https:\/\/guitarcz.com\/en\/wp-json\/wp\/v2\/types\/page"}],"author":[{"embeddable":true,"href":"https:\/\/guitarcz.com\/en\/wp-json\/wp\/v2\/users\/1"}],"replies":[{"embeddable":true,"href":"https:\/\/guitarcz.com\/en\/wp-json\/wp\/v2\/comments?post=1225"}],"version-history":[{"count":42,"href":"https:\/\/guitarcz.com\/en\/wp-json\/wp\/v2\/pages\/1225\/revisions"}],"predecessor-version":[{"id":4297,"href":"https:\/\/guitarcz.com\/en\/wp-json\/wp\/v2\/pages\/1225\/revisions\/4297"}],"wp:attachment":[{"href":"https:\/\/guitarcz.com\/en\/wp-json\/wp\/v2\/media?parent=1225"}],"curies":[{"name":"wp","href":"https:\/\/api.w.org\/{rel}","templated":true}]}}